{"id":109,"date":"2014-12-19T12:42:21","date_gmt":"2014-12-19T12:42:21","guid":{"rendered":"http:\/\/florentnicolas.fr\/B1-AKT\/?page_id=109"},"modified":"2024-08-16T08:48:36","modified_gmt":"2024-08-16T07:48:36","slug":"agence-de-reflexion","status":"publish","type":"page","link":"https:\/\/b1-akt.com\/FR\/agence-de-reflexion\/","title":{"rendered":"AGENCE DE R\u00c9FLEXION"},"content":{"rendered":"<p>[vc_row type=\u00a0\u00bbgrid\u00a0\u00bb][vc_column][vc_row_inner type=\u00a0\u00bbgrid\u00a0\u00bb css=\u00a0\u00bb.vc_custom_1422638808286{padding-top: 50px !important;padding-bottom: 50px !important;}\u00a0\u00bb][vc_column_inner][vc_column_text]<\/p>\n<h2 style=\"color: #fd5600;\">AGENCE DE R\u00c9FLEXION<\/h2>\n<h1>\/ BE ONE AKT<\/h1>\n<p>[\/vc_column_text][vc_separator color=\u00a0\u00bb#404040&Prime; thickness=\u00a0\u00bb10&Prime; up=\u00a0\u00bb20&Prime; down=\u00a0\u00bb20&Prime;][vc_column_text]<\/p>\n<p style=\"font-size: 16px; letter-spacing: 1px;\">WE DRAW THE FUTURE TOGETHER<\/p>\n<p>[\/vc_column_text][\/vc_column_inner][\/vc_row_inner][\/vc_column][\/vc_row][vc_row type=\u00a0\u00bbgrid\u00a0\u00bb padding_top=\u00a0\u00bb50&Prime; padding_bottom=\u00a0\u00bb80&Prime;][vc_column][vc_row_inner type=\u00a0\u00bbgrid\u00a0\u00bb][vc_column_inner width=\u00a0\u00bb1\/2&Prime;][vc_column_text]<\/p>\n<h1>NOS OFFRES<\/h1>\n<p>[\/vc_column_text][vc_separator color=\u00a0\u00bb#404040&Prime; thickness=\u00a0\u00bb1&Prime; up=\u00a0\u00bb10&Prime; down=\u00a0\u00bb10&Prime;][vc_column_text]<a style=\"font-size: 16px; color: #fd5600;\" title=\"THINK TANK et PROSPECTIVE\" href=\"https:\/\/b1-akt.com\/FR\/agence-de-reflexion\/think-tank-et-prospective\/\">THINK TANK ET PROSPECTIVE<\/a>[\/vc_column_text][vc_separator color=\u00a0\u00bb#cccccc\u00a0\u00bb thickness=\u00a0\u00bb1&Prime; up=\u00a0\u00bb10&Prime; down=\u00a0\u00bb10&Prime;][vc_column_text]<a style=\"font-size: 16px; color: #fd5600;\" title=\"STRAT\u00c9GIE GLOBALE \/ COMMUNICATION HOLISTIQUE\" href=\"https:\/\/b1-akt.com\/FR\/agence-de-reflexion\/strategie-globale-communication-holistique\/\">STRAT\u00c9GIE GLOBALE \/ COMMUNICATION HOLISTIQUE<\/a>[\/vc_column_text][vc_separator color=\u00a0\u00bb#cccccc\u00a0\u00bb thickness=\u00a0\u00bb1&Prime; up=\u00a0\u00bb10&Prime; down=\u00a0\u00bb10&Prime;][vc_column_text]<a style=\"font-size: 16px; color: #fd5600;\" title=\"ACCOMPAGNEMENT \/ MISSIONS EXTERNALIS\u00c9ES\" href=\"https:\/\/b1-akt.com\/FR\/agence-de-reflexion\/accompagnement-missions-externalisees\/\">ACCOMPAGNEMENT \/ MISSIONS &nbsp;EXTERNALIS\u00c9ES<\/a>[\/vc_column_text][vc_separator color=\u00a0\u00bb#cccccc\u00a0\u00bb thickness=\u00a0\u00bb1&Prime; up=\u00a0\u00bb10&Prime; down=\u00a0\u00bb10&Prime;][vc_column_text]<a style=\"font-size: 16px; color: #fd5600;\" title=\"ACTION PUBLIQUE \/ STRAT\u00c9GIE POLITIQUE\" href=\"https:\/\/b1-akt.com\/FR\/agence-de-reflexion\/action-publique-strategie-politique\/\">ACTION PUBLIQUE \/ STRAT\u00c9GIE POLITIQUE<\/a>[\/vc_column_text][vc_separator color=\u00a0\u00bb#cccccc\u00a0\u00bb thickness=\u00a0\u00bb1&Prime; up=\u00a0\u00bb10&Prime;][vc_separator color=\u00a0\u00bb#fd5600&Prime; thickness=\u00a0\u00bb10&Prime; up=\u00a0\u00bb30&Prime;][\/vc_column_inner][vc_column_inner width=\u00a0\u00bb1\/2&Prime;][vc_single_image image=\u00a0\u00bb1375&Prime; img_size=\u00a0\u00bb120&#215;120&Prime; alignment=\u00a0\u00bbright\u00a0\u00bb qode_css_animation=\u00a0\u00bbelement_from_fade\u00a0\u00bb css=\u00a0\u00bb.vc_custom_1424449817295{padding-bottom: 10px !important;}\u00a0\u00bb][vc_column_text]<\/p>\n<p style=\"text-align: justify;\">Nos \u00e9quipes d&rsquo;experts en prospective, cr\u00e9ativit\u00e9, entrepreneuriat, politique, sciences, art, planning strat\u00e9gique, brainstorming \u00e9laborent des strat\u00e9gies innovantes et les rendent applicables et durables. Nous pensons, cr\u00e9ons et vous accompagnons&nbsp;dans le d\u00e9veloppement de vos :<\/p>\n<p>[\/vc_column_text][vc_column_text][vc_separator type=&rsquo;normzl&rsquo; position=&rsquo;left&rsquo; color=&rsquo;#cccccc&rsquo; thickness=&rsquo;1&prime; up=&rsquo;10&rsquo; down=&rsquo;10&rsquo;]<\/p>\n<p>Strat\u00e9gies de diff\u00e9renciation<\/p>\n<p>[vc_separator type=&rsquo;normal&rsquo; position=&rsquo;left&rsquo; color=&rsquo;#cccccc&rsquo; thickness=&rsquo;1&prime; up=&rsquo;10&rsquo; down=&rsquo;10&rsquo;]<\/p>\n<p>Changements de positionnement ou&nbsp;de culture<\/p>\n<p>[vc_separator type=&rsquo;normal&rsquo; position=&rsquo;left&rsquo; color=&rsquo;#cccccc&rsquo; thickness=&rsquo;1&prime; up=&rsquo;10&rsquo; down=&rsquo;10&rsquo;]<\/p>\n<p>Transformations organisationnelles et manag\u00e9riales<\/p>\n<p>[vc_separator type=&rsquo;normal&rsquo; position=&rsquo;left&rsquo; color=&rsquo;#cccccc&rsquo; thickness=&rsquo;1&prime; up=&rsquo;10&rsquo; down=&rsquo;10&rsquo;]<\/p>\n<p>Conceptions de produits ou services innovants<\/p>\n<p>[vc_separator type=&rsquo;normal&rsquo; position=&rsquo;left&rsquo; color=&rsquo;#cccccc&rsquo; thickness=&rsquo;1&prime; up=&rsquo;10&rsquo; down=&rsquo;10&rsquo;]<\/p>\n<p>Strat\u00e9gies de communications de renouveau ou de crise<\/p>\n<p>[vc_separator type=&rsquo;normal&rsquo; position=&rsquo;left&rsquo; color=&rsquo;#cccccc&rsquo; thickness=&rsquo;1&prime; up=&rsquo;10&rsquo; down=\u00a0\u00bb][\/vc_column_text][vc_separator color=\u00a0\u00bb#404040&Prime; thickness=\u00a0\u00bb10&Prime; up=\u00a0\u00bb30&Prime;][\/vc_column_inner][\/vc_row_inner][\/vc_column][\/vc_row]<\/p>\n","protected":false},"excerpt":{"rendered":"<p>[vc_row type=\u00a0\u00bbgrid\u00a0\u00bb][vc_column][vc_row_inner type=\u00a0\u00bbgrid\u00a0\u00bb css=\u00a0\u00bb.vc_custom_1422638808286{padding-top: 50px !important;padding-bottom: 50px !important;}\u00a0\u00bb][vc_column_inner][vc_column_text] AGENCE DE R\u00c9FLEXION \/ BE ONE AKT [\/vc_column_text][vc_separator color=\u00a0\u00bb#404040&Prime; thickness=\u00a0\u00bb10&Prime; up=\u00a0\u00bb20&Prime; down=\u00a0\u00bb20&Prime;][vc_column_text] WE DRAW THE FUTURE TOGETHER [\/vc_column_text][\/vc_column_inner][\/vc_row_inner][\/vc_column][\/vc_row][vc_row type=\u00a0\u00bbgrid\u00a0\u00bb padding_top=\u00a0\u00bb50&Prime; padding_bottom=\u00a0\u00bb80&Prime;][vc_column][vc_row_inner type=\u00a0\u00bbgrid\u00a0\u00bb][vc_column_inner&#8230;<\/p>\n","protected":false},"author":3,"featured_media":0,"parent":0,"menu_order":0,"comment_status":"open","ping_status":"open","template":"full_width.php","meta":[],"_links":{"self":[{"href":"https:\/\/b1-akt.com\/FR\/wp-json\/wp\/v2\/pages\/109"}],"collection":[{"href":"https:\/\/b1-akt.com\/FR\/wp-json\/wp\/v2\/pages"}],"about":[{"href":"https:\/\/b1-akt.com\/FR\/wp-json\/wp\/v2\/types\/page"}],"author":[{"embeddable":true,"href":"https:\/\/b1-akt.com\/FR\/wp-json\/wp\/v2\/users\/3"}],"replies":[{"embeddable":true,"href":"https:\/\/b1-akt.com\/FR\/wp-json\/wp\/v2\/comments?post=109"}],"version-history":[{"count":7,"href":"https:\/\/b1-akt.com\/FR\/wp-json\/wp\/v2\/pages\/109\/revisions"}],"predecessor-version":[{"id":11836,"href":"https:\/\/b1-akt.com\/FR\/wp-json\/wp\/v2\/pages\/109\/revisions\/11836"}],"wp:attachment":[{"href":"https:\/\/b1-akt.com\/FR\/wp-json\/wp\/v2\/media?parent=109"}],"curies":[{"name":"wp","href":"https:\/\/api.w.org\/{rel}","templated":true}]}}