{"id":11943,"date":"2023-01-03T15:33:38","date_gmt":"2023-01-03T14:33:38","guid":{"rendered":"https:\/\/b1-akt.com\/FR\/?page_id=11943"},"modified":"2026-01-26T07:30:24","modified_gmt":"2026-01-26T06:30:24","slug":"nouvel-accueil","status":"publish","type":"page","link":"https:\/\/b1-akt.com\/FR\/","title":{"rendered":"Accueil B1-AKT"},"content":{"rendered":"<p>[vc_row type=\u00a0\u00bbgrid\u00a0\u00bb padding_top=\u00a0\u00bb60&Prime;][vc_column][vc_column_text]<\/p>\n<h2 style=\"font-size: 50px; line-height: 60px; color: #fd5600; text-align: left;\">B1-AKT<\/h2>\n<h1 style=\"font-size: 40px; line-height: 40px; color: #404040; text-align: left;\">INVENTER INSPIRER INTEGRER<\/h1>\n<h1 style=\"font-size: 40px; line-height: 40px; color: #00cccc; text-align: left;\">LE RENOUVEAU<\/h1>\n<p>[\/vc_column_text][vc_separator color=\u00a0\u00bb#404040&Prime; thickness=\u00a0\u00bb10&Prime; up=\u00a0\u00bb20&Prime; down=\u00a0\u00bb20&Prime;][vc_column_text]<\/p>\n<p style=\"font-size: 16px; letter-spacing: 1px;\">STRAT\u00c9GIES DE D\u00c9VELOPPEMENT DURABLES &amp;&nbsp;COMMUNICATION GLOBALE<\/p>\n<p>[\/vc_column_text][\/vc_column][\/vc_row]<\/p>\n\n\n<p>[vc_row type=\u00a0\u00bbgrid\u00a0\u00bb padding_top=\u00a0\u00bb60&Prime; padding_bottom=\u00a0\u00bb80&Prime;][vc_column width=\u00a0\u00bb1\/2&Prime;][vc_row_inner][vc_column_inner width=\u00a0\u00bb1\/6&Prime;][vc_single_image image=\u00a0\u00bb1333&Prime; img_size=\u00a0\u00bb66&#215;66&Prime; qode_css_animation=\u00a0\u00bbelement_from_fade\u00a0\u00bb img_link=\u00a0\u00bbhttp:\/\/b1-akt.com\/agence-de-reflexion\/\u00a0\u00bb][\/vc_column_inner][vc_column_inner width=\u00a0\u00bb5\/6&Prime; css=\u00a0\u00bb.vc_custom_1424371629024{padding-top: 6px !important;}\u00a0\u00bb][vc_column_text]<\/p>\n<h1 style=\"font-size: 36px; letter-spacing: 0px; line-height: 40px; color: #404040; text-align: left;\"><a title=\"CABINET DE CONSEIL\" href=\"https:\/\/b1-akt.com\/FR\/agence-de-reflexion\/\">CABINET DE CONSEIL<\/a><\/h1>\n<p><a style=\"font-size: 24px; font-family: loveloblack; color: #fd5600; line-height: 20px; text-align: left;\" title=\"CABINET DE CONSEIL\" href=\"http:\/\/b1-akt.com\/agence-de-reflexion\/\">\/ BE ONE AKT<\/a><br \/>\n[\/vc_column_text][\/vc_column_inner][\/vc_row_inner][vc_separator color=\u00a0\u00bb#404040&Prime; thickness=\u00a0\u00bb1&Prime; up=\u00a0\u00bb10&Prime; down=\u00a0\u00bb20&Prime;][vc_column_text]<\/p>\n<p style=\"text-align: justify;\">Nous intervenons dans la d\u00e9finition et la mise en \u0153uvre de <b>strat\u00e9gies<\/b> globales de d\u00e9veloppement, de <b>communication<\/b> et de <b>transformation<\/b> qui permettent <b>l\u2019engagement<\/b> des salari\u00e9s, <b>l\u2019adh\u00e9sion des clients<\/b> et des parties prenantes autour des <b>valeurs<\/b> de l\u2019entreprise.<\/p>\n<p>[vc_separator type=&rsquo;normal&rsquo; position=&rsquo;left&rsquo; color=&rsquo;#cccccc&rsquo; thickness=&rsquo;1&prime; up=&rsquo;10&rsquo; down=&rsquo;10&rsquo;]<\/p>\n<p><a title=\"THINK TANK et PROSPECTIVE\" href=\"https:\/\/b1-akt.com\/FR\/agence-de-reflexion\/think-tank-et-prospective\/\">THINK TANK ET PROSPECTIVE<\/a><\/p>\n<p>[vc_separator type=&rsquo;normal&rsquo; position=&rsquo;left&rsquo; color=&rsquo;#cccccc&rsquo; thickness=&rsquo;1&prime; up=&rsquo;10&rsquo; down=&rsquo;10&rsquo;]<\/p>\n<p><a title=\"STRAT\u00c9GIE GLOBALE \/ COMMUNICATION HOLISTIQUE\" href=\"https:\/\/b1-akt.com\/FR\/agence-de-reflexion\/strategie-globale-communication-holistique\/\">STRAT\u00c9GIE GLOBALE \/ COMMUNICATION HOLISTIQUE<\/a><\/p>\n<p>[vc_separator type=&rsquo;normal&rsquo; position=&rsquo;left&rsquo; color=&rsquo;#cccccc&rsquo; thickness=&rsquo;1&prime; up=&rsquo;10&rsquo; down=&rsquo;10&rsquo;]<\/p>\n<p><a title=\"ACCOMPAGNEMENT \/ MISSIONS EXTERNALIS\u00c9ES\" href=\"https:\/\/b1-akt.com\/FR\/agence-de-reflexion\/accompagnement-missions-externalisees\/\">ACCOMPAGNEMENT \/ MISSIONS &nbsp;EXTERNALIS\u00c9ES<\/a><\/p>\n<p>[vc_separator type=&rsquo;normal&rsquo; position=&rsquo;left&rsquo; color=&rsquo;#cccccc&rsquo; thickness=&rsquo;1&prime; up=&rsquo;10&rsquo; down=&rsquo;10&rsquo;]<\/p>\n<p><a title=\"ACTION PUBLIQUE \/ STRAT\u00c9GIE POLITIQUE\" href=\"https:\/\/b1-akt.com\/FR\/agence-de-reflexion\/action-publique-strategie-politique\/\">ACTION PUBLIQUE \/ STRAT\u00c9GIE POLITIQUE<\/a><\/p>\n<p>[vc_separator type=&rsquo;normal&rsquo; position=&rsquo;left&rsquo; color=&rsquo;#cccccc&rsquo; thickness=&rsquo;1&prime; up=&rsquo;10&rsquo; down=&rsquo;10&rsquo;][\/vc_column_text][vc_separator color=\u00a0\u00bb#404040&Prime; thickness=\u00a0\u00bb10&Prime; up=\u00a0\u00bb20&Prime; down=\u00a0\u00bb30&Prime;][vc_row_inner][vc_column_inner width=\u00a0\u00bb1\/3&Prime;]<br \/>\n[\/vc_column_inner][vc_column_inner width=\u00a0\u00bb2\/3&Prime;][vc_column_text]<span class=\"qode_icon_shortcode  q_font_awsome_icon fa-2x pull-right \" style=\" \"><i class=\"fa fa-file-pdf-o\" style=\"color: #fd5600;\"><\/i><\/span><\/p>\n<h4>[vc_separator type=&rsquo;transparent&rsquo; position=&rsquo;left&rsquo; color=\u00a0\u00bb thickness=&rsquo;5&prime; up=\u00a0\u00bb down=\u00a0\u00bb]<\/h4>\n<h4 style=\"text-align: right;\"><a href=\"https:\/\/b1-akt.com\/FR\/wp-content\/uploads\/2019\/08\/B1-AKT-Leading-sustainable-strategies-and-paragon-communication.pdf\" target=\"_blank\" rel=\"noopener noreferrer\">B1 AKT Leading Vision&nbsp; &nbsp;&nbsp;<\/a><\/h4>\n<p>[\/vc_column_text][\/vc_column_inner][\/vc_row_inner][\/vc_column][vc_column width=\u00a0\u00bb1\/2&Prime;][vc_row_inner][vc_column_inner width=\u00a0\u00bb1\/6&Prime;][vc_single_image image=\u00a0\u00bb1332&Prime; img_size=\u00a0\u00bb66&#215;66&Prime; qode_css_animation=\u00a0\u00bbelement_from_fade\u00a0\u00bb img_link=\u00a0\u00bbhttp:\/\/b1-akt.com\/institut-de-formation\/\u00a0\u00bb][\/vc_column_inner][vc_column_inner width=\u00a0\u00bb5\/6&Prime; css=\u00a0\u00bb.vc_custom_1424371663045{padding-top: 6px !important;}\u00a0\u00bb][vc_column_text]<\/p>\n<h1 style=\"font-size: 36px; line-height: 40px; color: #404040; text-align: left;\"><a title=\"INSTITUT DE FORMATION\" href=\"https:\/\/b1-akt.com\/FR\/pilotage-de-projet\/\">INSTITUT DE FORMATION<\/a><\/h1>\n<p><a style=\"font-size: 24px; line-height: 20px; font-family: loveloblack; text-align: left; color: #00cccc;\" title=\"INSTITUT DE FORMATION\" href=\"https:\/\/b1-akt.com\/FR\/pilotage-de-projet\/\">\/ AKT AS ONE<\/a>[\/vc_column_text][\/vc_column_inner][\/vc_row_inner][vc_separator color=\u00a0\u00bb#404040&Prime; thickness=\u00a0\u00bb1&Prime; up=\u00a0\u00bb10&Prime; down=\u00a0\u00bb20&Prime;][vc_column_text]<\/p>\n<p style=\"text-align: justify;\">Nous <b>formons et coachons<\/b> les salari\u00e9s, les managers, directeurs et leaders d\u2019entreprises au pilotage de projets, au <b>management inspirant<\/b> d\u2019\u00e9quipes et au <b>leadership \u00e9veill\u00e9<\/b> pour harmoniser les bonnes pratiques pour r\u00e9v\u00e9ler les <b>talents<\/b> et (re)cr\u00e9er des <b>dynamiques<\/b> communes.<\/p>\n<p>[vc_separator type=&rsquo;normal&rsquo; position=&rsquo;left&rsquo; color=&rsquo;#cccccc&rsquo; thickness=&rsquo;1&prime; up=&rsquo;10&rsquo; down=&rsquo;10&rsquo;]<\/p>\n<p><a title=\"FORMATION AU PILOTAGE ET MANAGEMENT DE PROJETS\" href=\"https:\/\/b1-akt.com\/FR\/pilotage-de-projet\/\">FORMATION AU PILOTAGE ET MANAGEMENT DE PROJETS<\/a><\/p>\n<p>[vc_separator type=&rsquo;normal&rsquo; position=&rsquo;left&rsquo; color=&rsquo;#cccccc&rsquo; thickness=&rsquo;1&prime; up=&rsquo;10&rsquo; down=&rsquo;10&rsquo;]<\/p>\n<p><a title=\"INGENIERIE PEDAGOGIQUE\">INGENIERIE PEDAGOGIQUE<\/a><\/p>\n<p>[vc_separator type=&rsquo;normal&rsquo; position=&rsquo;left&rsquo; color=&rsquo;#cccccc&rsquo; thickness=&rsquo;1&prime; up=&rsquo;10&rsquo; down=&rsquo;10&rsquo;]<\/p>\n<p><a title=\"COACHING EVOLUTION\" href=\"https:\/\/b1-akt.com\/FR\/institut-de-formation\/coaching-evolution\/\">COACHING EVOLUTION<\/a><\/p>\n<p>[vc_separator type=&rsquo;normal&rsquo; position=&rsquo;left&rsquo; color=&rsquo;#cccccc&rsquo; thickness=&rsquo;1&prime; up=&rsquo;10&rsquo; down=&rsquo;10&rsquo;]<\/p>\n<p><a title=\"TRADUCTION ET INTERPRETARIAT\">TRADUCTION \/ INTERPRETARIAT<\/a><\/p>\n<p>[vc_separator type=&rsquo;normal&rsquo; position=&rsquo;left&rsquo; color=&rsquo;#cccccc&rsquo; thickness=&rsquo;1&prime; up=&rsquo;10&rsquo; down=&rsquo;10&rsquo;][\/vc_column_text][vc_separator color=\u00a0\u00bb#404040&Prime; thickness=\u00a0\u00bb10&Prime; up=\u00a0\u00bb20&Prime; down=\u00a0\u00bb30&Prime;][vc_row_inner][vc_column_inner width=\u00a0\u00bb1\/3&Prime;]<br \/>\n[\/vc_column_inner][vc_column_inner width=\u00a0\u00bb2\/3&Prime;][vc_column_text]<span class=\"qode_icon_shortcode  q_font_awsome_icon fa-2x pull-right \" style=\" \"><i class=\"fa fa-file-pdf-o\" style=\"color: #00cccc;\"><\/i><\/span><\/p>\n<h4>[vc_separator type=&rsquo;transparent&rsquo; position=&rsquo;left&rsquo; color=\u00a0\u00bb thickness=&rsquo;5&prime; up=\u00a0\u00bb down=\u00a0\u00bb]<\/h4>\n<h4 style=\"text-align: right;\"><a href=\"https:\/\/b1-akt.com\/FR\/wp-content\/uploads\/2023\/09\/2023-10-02-B1-AKT-Catalogue-formations-secteur-prive-public-territorial-et-CGV-1.pdf\" target=\"_blank\" rel=\"noopener noreferrer\">AKT AS ONE Leading Vision&nbsp; &nbsp;&nbsp;<\/a><\/h4>\n<p>[\/vc_column_text][\/vc_column_inner][\/vc_row_inner][\/vc_column][\/vc_row]<\/p>\n\n\n<p>[vc_row type=\u00a0\u00bbgrid\u00a0\u00bb padding_top=\u00a0\u00bb60&Prime; padding_bottom=\u00a0\u00bb80&Prime;][vc_column width=\u00a0\u00bb1\/2&Prime;][vc_row_inner][vc_column_inner width=\u00a0\u00bb1\/6&Prime;][vc_single_image image=\u00a0\u00bb9130&Prime; img_size=\u00a0\u00bb66&#215;66&Prime; qode_css_animation=\u00a0\u00bbelement_from_fade\u00a0\u00bb img_link=\u00a0\u00bbhttp:\/\/b1-akt.com\/agence-de-reflexion\/\u00a0\u00bb][\/vc_column_inner][vc_column_inner width=\u00a0\u00bb5\/6&Prime; css=\u00a0\u00bb.vc_custom_1424371629024{padding-top: 6px !important;}\u00a0\u00bb][vc_column_text]<\/p>\n<h1 style=\"font-size: 36px; letter-spacing: 0px; line-height: 40px; color: #404040; text-align: left;\"><a title=\"LABS D'INNOVATION\" href=\"https:\/\/b1-akt.com\/FR\/be-com-lab\/\">LABS D&rsquo;INNOVATION<\/a><\/h1>\n<p><a style=\"font-size: 24px; font-family: loveloblack; color: #00a200; line-height: 20px; text-align: left;\" title=\"LABS D'INNOVATION\" href=\"https:\/\/b1-akt.com\/FR\/be-com-lab\/\">\/ BE COM LAB<\/a>[\/vc_column_text][\/vc_column_inner][\/vc_row_inner][vc_separator color=\u00a0\u00bb#404040&Prime; thickness=\u00a0\u00bb1&Prime; up=\u00a0\u00bb10&Prime; down=\u00a0\u00bb20&Prime;][vc_column_text]<\/p>\n<p style=\"text-align: justify;\">Par des techniques expertes issues de la <b>facilitation, du transition design et des approches holonomiques <\/b> nous d\u00e9veloppons vos <b>innovations concr\u00e8tes <\/b> afin de placer votre entreprise dans une strat\u00e9gie de <b>d\u00e9veloppement p\u00e9renne, durable.<\/b><\/p>\n<p>&nbsp;<\/p>\n<p style=\"text-align: justify;\">Nous mettons en place des <b>LABS \u2013 dispositifs de conduite du changement \u2013<\/b> pour vous accompagner dans la mise en \u0153uvre de vos <b>projets de transformation<\/b> collectifs. Nous b\u00e2tissons avec vous votre <b>PMO strat\u00e9gique<\/b>, c\u2019est-\u00e0-dire un <b>syst\u00e8me de pilotage efficient de votre portefeuille global de projets.<\/b><\/p>\n<p>[vc_separator type=&rsquo;normal&rsquo; position=&rsquo;left&rsquo; color=&rsquo;#cccccc&rsquo; thickness=&rsquo;1&prime; up=&rsquo;10&rsquo; down=&rsquo;10&rsquo;]<\/p>\n<p><a title=\"BUSINESS CREATIVE LABS\" href=\"https:\/\/b1-akt.com\/FR\/be-com-lab\/\">BUSINESS CREATIVE LABS<\/a><\/p>\n<p>[vc_separator type=&rsquo;normal&rsquo; position=&rsquo;left&rsquo; color=&rsquo;#cccccc&rsquo; thickness=&rsquo;1&prime; up=&rsquo;10&rsquo; down=&rsquo;10&rsquo;]<\/p>\n<p><a title=\"LABS ACCOMPAGNEMENT AU CHANGEMENT\">LABS ACCOMPAGNEMENT AU CHANGEMENT<\/a><\/p>\n<p>[vc_separator type=&rsquo;normal&rsquo; position=&rsquo;left&rsquo; color=&rsquo;#cccccc&rsquo; thickness=&rsquo;1&prime; up=&rsquo;10&rsquo; down=&rsquo;10&rsquo;]<\/p>\n<p><a title=\"LABS MISE EN OEUVRE ORGANISATION PROJET ET PMO STRATEGIQUE\">LABS MISE EN OEUVRE ORGANISATION PROJET ET PMO STRATEGIQUE<\/a><\/p>\n<p>[vc_separator type=&rsquo;normal&rsquo; position=&rsquo;left&rsquo; color=&rsquo;#cccccc&rsquo; thickness=&rsquo;1&prime; up=&rsquo;10&rsquo; down=&rsquo;10&rsquo;]<\/p>\n<p><a title=\"LABS INNOVATION POLITIQUE\" href=\"https:\/\/b1-akt.com\/FR\/be-com-lab\/\">LABS INSTITUTIONS ET INNOVATION PUBLIQUE<\/a><\/p>\n<p>[vc_separator type=&rsquo;normal&rsquo; position=&rsquo;left&rsquo; color=&rsquo;#cccccc&rsquo; thickness=&rsquo;1&prime; up=&rsquo;10&rsquo; down=&rsquo;10&rsquo;]<\/p>\n<p><a title=\"IMPACT SOCIETAL\" href=\"https:\/\/b1-akt.com\/FR\/be-com-lab\/\">LABS <\/a><a title=\"IMPACT SOCIETAL\" href=\"https:\/\/b1-akt.com\/FR\/be-com-lab\/\">IMPACT SOCIETAL<\/a><a title=\"IMPACT SOCIETAL\" href=\"https:\/\/b1-akt.com\/FR\/be-com-lab\/\">&nbsp;ET IMPLICATION CITOYENNE&nbsp;<\/a><\/p>\n<p>[vc_separator type=&rsquo;normal&rsquo; position=&rsquo;left&rsquo; color=&rsquo;#cccccc&rsquo; thickness=&rsquo;1&prime; up=&rsquo;10&rsquo; down=&rsquo;10&rsquo;][\/vc_column_text][vc_separator color=\u00a0\u00bb#404040&Prime; thickness=\u00a0\u00bb10&Prime; up=\u00a0\u00bb20&Prime; down=\u00a0\u00bb30&Prime;][vc_row_inner][vc_column_inner width=\u00a0\u00bb1\/3&Prime;]<br \/>\n[\/vc_column_inner][vc_column_inner width=\u00a0\u00bb2\/3&Prime;][vc_column_text]<span class=\"qode_icon_shortcode  q_font_awsome_icon fa-2x pull-right \" style=\" \"><i class=\"fa fa-file-pdf-o\" style=\"\"><\/i><\/span><\/p>\n<h4>[vc_separator type=&rsquo;transparent&rsquo; position=&rsquo;left&rsquo; color=\u00a0\u00bb thickness=&rsquo;5&prime; up=\u00a0\u00bb down=\u00a0\u00bb]<\/h4>\n<h4 style=\"text-align: right;\"><a href=\"https:\/\/b1-akt.com\/FR\/wp-content\/uploads\/2019\/08\/BE-COM-LAB-LEADING-VISION.pdf\" target=\"_blank\" rel=\"noopener noreferrer\">BE COM LAB LEADING VISION&nbsp; &nbsp;&nbsp;<\/a><\/h4>\n<p>[\/vc_column_text][vc_separator color=\u00a0\u00bb#404040&Prime; thickness=\u00a0\u00bb10&Prime; up=\u00a0\u00bb30&Prime; down=\u00a0\u00bb60&Prime;][vc_row_inner][vc_column_inner width=\u00a0\u00bb1\/3&Prime;]<\/p>\n<figure class=\"wp-block-image size-large is-resized\"><a href=\"https:\/\/b1-akt.com\/FR\/wp-content\/uploads\/2026\/01\/Certificat_F2393.pdf\"><img loading=\"lazy\" src=\"https:\/\/b1-akt.com\/FR\/wp-content\/uploads\/2023\/02\/logo-qualiopi-et-b1akt-noir-certification-qualite.jpg\" alt=\"\" class=\"wp-image-12245\" width=\"189\" height=\"110\"><\/a><\/figure>\n<p>[\/vc_column_inner][\/vc_row_inner][\/vc_column][vc_column width=\u00a0\u00bb1\/2&Prime;][vc_row_inner][vc_column_inner width=\u00a0\u00bb1\/6&Prime;][vc_single_image image=\u00a0\u00bb11399&Prime; img_size=\u00a0\u00bb66&#215;66&Prime; qode_css_animation=\u00a0\u00bbelement_from_fade\u00a0\u00bb img_link=\u00a0\u00bbhttp:\/\/b1-akt.com\/institut-de-formation\/\u00a0\u00bb][\/vc_column_inner][vc_column_inner width=\u00a0\u00bb5\/6&Prime; css=\u00a0\u00bb.vc_custom_1424371663045{padding-top: 6px !important;}\u00a0\u00bb][vc_column_text]<\/p>\n<h1 style=\"font-size: 36px; letter-spacing: 0px; line-height: 40px; color: #404040; text-align: left;\">CHAMPS D&rsquo;EXPERTISE<\/h1>\n<p><a style=\"font-size: 24px; font-family: loveloblack; color: #fd5600;\" #00a200;=\"\" line-height:=\"\" 20px;=\"\" text-align:=\"\" left;\"=\"\" title=\"CHAMP D'EXPERTISE\">\/ NOS SERVICES<\/a>[\/vc_column_text][\/vc_column_inner][\/vc_row_inner][vc_separator color=\u00a0\u00bb#404040&Prime; thickness=\u00a0\u00bb1&Prime; up=\u00a0\u00bb10&Prime; down=\u00a0\u00bb20&Prime;][vc_column_text]<\/p>\n<p>STRATEGIES DE DEVELOPPEMENT PERENNES \/ INTERNATIONALES<\/p>\n<p>[vc_separator type=&rsquo;normal&rsquo; position=&rsquo;left&rsquo; color=&rsquo;#cccccc&rsquo; thickness=&rsquo;1&prime; up=&rsquo;10&rsquo; down=&rsquo;10&rsquo;]<\/p>\n<p>STRATEGIES DE COMMUNICATION GLOBALES \/ INNOVANTES<\/p>\n<p>[vc_separator type=&rsquo;normal&rsquo; position=&rsquo;left&rsquo; color=&rsquo;#cccccc&rsquo; thickness=&rsquo;1&prime; up=&rsquo;10&rsquo; down=&rsquo;10&rsquo;]<\/p>\n<p>PROSPECTIVE, TENDANCE, INFLUENCE<\/p>\n<p>[vc_separator type=&rsquo;normal&rsquo; position=&rsquo;left&rsquo; color=&rsquo;#cccccc&rsquo; thickness=&rsquo;1&prime; up=&rsquo;10&rsquo; down=&rsquo;10&rsquo;]<\/p>\n<p>PILOTAGE DE PROJETS COMPLEXES<\/p>\n<p>[vc_separator type=&rsquo;normal&rsquo; position=&rsquo;left&rsquo; color=&rsquo;#cccccc&rsquo; thickness=&rsquo;1&prime; up=&rsquo;10&rsquo; down=&rsquo;10&rsquo;]<\/p>\n<p>OPEN INNOVATION, DESIGN THINKING, TRANSITION DESIGN<\/p>\n<p>[vc_separator type=&rsquo;normal&rsquo; position=&rsquo;left&rsquo; color=&rsquo;#cccccc&rsquo; thickness=&rsquo;1&prime; up=&rsquo;10&rsquo; down=&rsquo;10&rsquo;]<\/p>\n<p>CONDUITE DE CHANGEMENT, PILOTAGE DE TRANSFORMATIONS<\/p>\n<p>[vc_separator type=&rsquo;normal&rsquo; position=&rsquo;left&rsquo; color=&rsquo;#cccccc&rsquo; thickness=&rsquo;1&prime; up=&rsquo;10&rsquo; down=&rsquo;10&rsquo;]<\/p>\n<p>MISE EN OEUVRE DE POLITIQUES PUBLIQUES<\/p>\n<p>[vc_separator type=&rsquo;normal&rsquo; position=&rsquo;left&rsquo; color=&rsquo;#cccccc&rsquo; thickness=&rsquo;1&prime; up=&rsquo;10&rsquo; down=&rsquo;10&rsquo;]<\/p>\n<p>APPUI AUX COLLECTIVITES LOCALES<\/p>\n<p>[vc_separator type=&rsquo;normal&rsquo; position=&rsquo;left&rsquo; color=&rsquo;#cccccc&rsquo; thickness=&rsquo;1&prime; up=&rsquo;10&rsquo; down=&rsquo;10&rsquo;]<\/p>\n<p>SMART CITY &amp; SUSTAINABLE TERRITORIES<\/p>\n<p>[vc_separator type=&rsquo;normal&rsquo; position=&rsquo;left&rsquo; color=&rsquo;#cccccc&rsquo; thickness=&rsquo;1&prime; up=&rsquo;10&rsquo; down=&rsquo;10&rsquo;]<\/p>\n<p>MONITORING &amp; EVALUATION DE POLITIQUES PUBLIQUES NATIONALES ET EUROPEENNES<\/p>\n<p>[vc_separator type=&rsquo;normal&rsquo; position=&rsquo;left&rsquo; color=&rsquo;#cccccc&rsquo; thickness=&rsquo;1&prime; up=&rsquo;10&rsquo; down=&rsquo;10&rsquo;]<\/p>\n<p>PROJETS DE COOPERATION TRANSNATIONAUX A IMPACT SOCIETAL POSISTIF<\/p>\n<p>[vc_separator type=&rsquo;normal&rsquo; position=&rsquo;left&rsquo; color=&rsquo;#cccccc&rsquo; thickness=&rsquo;1&prime; up=&rsquo;10&rsquo; down=&rsquo;10&rsquo;][\/vc_column_text][vc_separator color=\u00a0\u00bb#404040&Prime; thickness=\u00a0\u00bb10&Prime; up=\u00a0\u00bb30&Prime; down=\u00a0\u00bb30&Prime;][vc_row_inner][vc_column_inner width=\u00a0\u00bb1\/3&Prime;]<br \/>\n[\/vc_column_inner][vc_column_inner width=\u00a0\u00bb2\/3&Prime;][vc_column_text]<span class=\"qode_icon_shortcode  q_font_awsome_icon fa-2x pull-right \" style=\" \"><i class=\"fa fa-file-pdf-o\" style=\"color: #00cccc;\"><\/i><\/span><\/p>\n<h4>[vc_separator type=&rsquo;transparent&rsquo; position=&rsquo;left&rsquo; color=\u00a0\u00bb thickness=&rsquo;5&prime; up=\u00a0\u00bb down=\u00a0\u00bb]<\/h4>\n<h4><a href=\"https:\/\/b1-akt.com\/FR\/wp-content\/uploads\/2020\/08\/2020-08-20-B1-AKT-YLG-LP-presentation-protegee.pdf\" target=\"_blank\" rel=\"noopener noreferrer\">PRESENTATION B1-AKT GLOBAL SERVICES&nbsp;<\/a><\/h4>\n<p>[\/vc_column_text][\/vc_column_inner][\/vc_row_inner][\/vc_column][\/vc_row]<\/p>\n\n\n\n<div class=\"wp-block-group\"><div class=\"wp-block-group__inner-container\">\n<div class=\"wp-block-columns\">\n<div class=\"wp-block-column\" style=\"flex-basis:100%\"><\/div>\n<\/div>\n<\/div><\/div>\n","protected":false},"excerpt":{"rendered":"[vc_row type=\"grid\" padding_top=\"60\"][vc_column][vc_column_text] B1-AKT INVENTER INSPIRER INTEGRER LE RENOUVEAU [\/vc_column_text][vc_separator color=\"#404040\" thickness=\"10\" up=\"20\" down=\"20\"][vc_column_text] STRAT\u00c9GIES DE D\u00c9VELOPPEMENT DURABLES &amp;&nbsp;COMMUNICATION GLOBALE [\/vc_column_text][\/vc_column][\/vc_row] [vc_row type=\"grid\" padding_top=\"60\" padding_bottom=\"80\"][vc_column width=\"1\/2\"][vc_row_inner][vc_column_inner width=\"1\/6\"][vc_single_image image=\"1333\" img_size=\"66x66\" qode_css_animation=\"element_from_fade\"...","protected":false},"author":3,"featured_media":0,"parent":0,"menu_order":0,"comment_status":"closed","ping_status":"closed","template":"","meta":[],"_links":{"self":[{"href":"https:\/\/b1-akt.com\/FR\/wp-json\/wp\/v2\/pages\/11943"}],"collection":[{"href":"https:\/\/b1-akt.com\/FR\/wp-json\/wp\/v2\/pages"}],"about":[{"href":"https:\/\/b1-akt.com\/FR\/wp-json\/wp\/v2\/types\/page"}],"author":[{"embeddable":true,"href":"https:\/\/b1-akt.com\/FR\/wp-json\/wp\/v2\/users\/3"}],"replies":[{"embeddable":true,"href":"https:\/\/b1-akt.com\/FR\/wp-json\/wp\/v2\/comments?post=11943"}],"version-history":[{"count":32,"href":"https:\/\/b1-akt.com\/FR\/wp-json\/wp\/v2\/pages\/11943\/revisions"}],"predecessor-version":[{"id":13022,"href":"https:\/\/b1-akt.com\/FR\/wp-json\/wp\/v2\/pages\/11943\/revisions\/13022"}],"wp:attachment":[{"href":"https:\/\/b1-akt.com\/FR\/wp-json\/wp\/v2\/media?parent=11943"}],"curies":[{"name":"wp","href":"https:\/\/api.w.org\/{rel}","templated":true}]}}