{"id":663,"date":"2015-01-19T16:48:19","date_gmt":"2015-01-19T16:48:19","guid":{"rendered":"http:\/\/florentnicolas.fr\/B1-AKT\/?page_id=663"},"modified":"2019-02-18T13:13:57","modified_gmt":"2019-02-18T12:13:57","slug":"accompagnement-missions-externalisees","status":"publish","type":"page","link":"https:\/\/b1-akt.com\/FR\/agence-de-reflexion\/accompagnement-missions-externalisees\/","title":{"rendered":"ACCOMPAGNEMENT \/ MISSIONS EXTERNALIS\u00c9ES"},"content":{"rendered":"<p>[vc_row type=\u00a0\u00bbgrid\u00a0\u00bb css=\u00a0\u00bb.vc_custom_1541159366031{padding-top: 50px !important;padding-bottom: 50px !important;}\u00a0\u00bb][vc_column][vc_row_inner type=\u00a0\u00bbgrid\u00a0\u00bb][vc_column_inner][vc_column_text]<\/p>\n<h2 style=\"color: #fd5600;\">AGENCE DE R\u00c9FLEXION<\/h2>\n<h1>\/ BE ONE AKT<\/h1>\n<p>[\/vc_column_text][vc_separator color=\u00a0\u00bb#404040&Prime; thickness=\u00a0\u00bb10&Prime; up=\u00a0\u00bb15&Prime;][\/vc_column_inner][\/vc_row_inner][\/vc_column][\/vc_row][vc_row type=\u00a0\u00bbgrid\u00a0\u00bb padding_top=\u00a0\u00bb80&Prime; padding_bottom=\u00a0\u00bb80&Prime;][vc_column width=\u00a0\u00bb1\/3&Prime;][vc_separator type=\u00a0\u00bbtransparent\u00a0\u00bb thickness=\u00a0\u00bb60&Prime;][vc_column_text]<\/p>\n<h1 style=\"font-size: 20px; letter-spacing: 1px;\">NOS OFFRES<\/h1>\n<p>[\/vc_column_text][vc_separator color=\u00a0\u00bb#404040&Prime; thickness=\u00a0\u00bb1&Prime; up=\u00a0\u00bb10&Prime; down=\u00a0\u00bb10&Prime;][vc_column_text]<a style=\"font-size: 12px; font-weight: 500; letter-spacing: 1px;\" title=\"THINK TANK et PROSPECTIVE\" href=\"https:\/\/b1-akt.com\/FR\/agence-de-reflexion\/think-tank-et-prospective\/\">THINK TANK ET PROSPECTIVE<\/a>[\/vc_column_text][vc_separator color=\u00a0\u00bb#cccccc\u00a0\u00bb thickness=\u00a0\u00bb1&Prime; up=\u00a0\u00bb10&Prime; down=\u00a0\u00bb10&Prime;][vc_column_text]<a style=\"font-size: 12px; font-weight: 500; letter-spacing: 1px;\" title=\"STRAT\u00c9GIE GLOBALE \/ COMMUNICATION HOLISTIQUE\" href=\"https:\/\/b1-akt.com\/FR\/agence-de-reflexion\/strategie-globale-communication-holistique\/\">STRAT\u00c9GIE GLOBALE \/ COMMUNICATION HOLISTIQUE<\/a>[\/vc_column_text][vc_separator color=\u00a0\u00bb#cccccc\u00a0\u00bb thickness=\u00a0\u00bb1&Prime; up=\u00a0\u00bb10&Prime; down=\u00a0\u00bb10&Prime;][vc_column_text]<a style=\"font-size: 12px; font-weight: 500; letter-spacing: 1px; color: #fd5600;\" title=\"ACCOMPAGNEMENT \/ MISSIONS EXTERNALIS\u00c9ES\" href=\"https:\/\/b1-akt.com\/FR\/agence-de-reflexion\/accompagnement-missions-externalisees\/\">ACCOMPAGNEMENT \/ MISSIONS EXTERNALIS\u00c9ES<\/a>[\/vc_column_text][vc_separator color=\u00a0\u00bb#cccccc\u00a0\u00bb thickness=\u00a0\u00bb1&Prime; up=\u00a0\u00bb10&Prime; down=\u00a0\u00bb10&Prime;][vc_column_text]<a style=\"font-size: 12px; font-weight: 500; letter-spacing: 1px;\" title=\"ACTION PUBLIQUE \/ STRAT\u00c9GIE POLITIQUE\" href=\"https:\/\/b1-akt.com\/FR\/agence-de-reflexion\/action-publique-strategie-politique\/\">ACTION PUBLIQUE \/ STRAT\u00c9GIE POLITIQUE<\/a>[\/vc_column_text][vc_separator color=\u00a0\u00bb#cccccc\u00a0\u00bb thickness=\u00a0\u00bb1&Prime; up=\u00a0\u00bb10&Prime;][vc_separator color=\u00a0\u00bb#fd5600&Prime; thickness=\u00a0\u00bb10&Prime; up=\u00a0\u00bb30&Prime; down=\u00a0\u00bb130&Prime;][vc_column_text]<\/p>\n<h4>TARIFS<\/h4>\n<p>[\/vc_column_text][vc_separator type=\u00a0\u00bbsmall\u00a0\u00bb position=\u00a0\u00bbleft\u00a0\u00bb thickness=\u00a0\u00bb1&Prime; width=\u00a0\u00bb20&Prime; up=\u00a0\u00bb10&Prime; down=\u00a0\u00bb10&Prime;][vc_column_text]<\/p>\n<p>Toute prestation est sp\u00e9cifique.<br \/>\nElle fait l\u2019objet d\u2019un devis suite \u00e0 rencontre<br \/>\net pr\u00e9-diagnostic.<\/p>\n<p>[\/vc_column_text][vc_separator type=\u00a0\u00bbsmall\u00a0\u00bb position=\u00a0\u00bbleft\u00a0\u00bb thickness=\u00a0\u00bb1&Prime; width=\u00a0\u00bb20&Prime; up=\u00a0\u00bb10&Prime; down=\u00a0\u00bb10&Prime;][vc_column_text]<a style=\"color: #fd5600;\" href=\"mailto:contact@b1-akt.com\">contact@b1-akt.com<\/a>[\/vc_column_text][vc_separator type=\u00a0\u00bbsmall\u00a0\u00bb position=\u00a0\u00bbleft\u00a0\u00bb color=\u00a0\u00bb#fd5600&Prime; thickness=\u00a0\u00bb1&Prime; width=\u00a0\u00bb20&Prime; up=\u00a0\u00bb10&Prime; down=\u00a0\u00bb10&Prime;][\/vc_column][vc_column width=\u00a0\u00bb2\/3&Prime;][vc_column_text]<\/p>\n<h1>ACCOMPAGNEMENT<br \/>\nMISSIONS EXTERNALIS\u00c9ES<\/h1>\n<p>[\/vc_column_text][vc_separator type=\u00a0\u00bbtransparent\u00a0\u00bb thickness=\u00a0\u00bb20&Prime;][vc_row_inner][vc_column_inner width=\u00a0\u00bb1\/2&Prime;][vc_column_text]<strong>L\u2019accompagnement s\u2019adresse :<\/strong><\/p>\n<p>&nbsp;<\/p>\n<p>\u2014 aux managers et dirigeants d\u2019entreprises<br \/>\n\u2014 aux managers et dirigeants d\u2019institutions<br \/>\n\u2014 aux politiques, \u00e9lus, d\u00e9put\u00e9s, ministres, s\u00e9nateurs, \u2026[\/vc_column_text][\/vc_column_inner][vc_column_inner width=\u00a0\u00bb1\/2&Prime;][vc_column_text]<strong>Nous accompagnons nos clients sur :<\/strong><\/p>\n<p>&nbsp;<\/p>\n<p>\u2014\u00a0du pilotage de projets complexes<br \/>\n\u2014\u00a0la r\u00e9alisation de missions complexes externalis\u00e9es<br \/>\n\u2014\u00a0des projets de cr\u00e9ation d\u2019entreprise.[\/vc_column_text][\/vc_column_inner][\/vc_row_inner][vc_separator color=\u00a0\u00bb#404040&Prime; thickness=\u00a0\u00bb10&Prime; up=\u00a0\u00bb30&Prime; down=\u00a0\u00bb50&Prime;][vc_column_text]<\/p>\n<h1 style=\"font-size: 20px; letter-spacing: 1px;\">ACCOMPAGNEMENT<\/h1>\n<p>[\/vc_column_text][vc_separator color=\u00a0\u00bb#404040&Prime; thickness=\u00a0\u00bb1&Prime; up=\u00a0\u00bb10&Prime; down=\u00a0\u00bb30&Prime;][vc_accordion active_tab=\u00a0\u00bb1&Prime; collapsible=\u00a0\u00bbyes\u00a0\u00bb accordion_border_radius=\u00a0\u00bb0&Prime;][vc_accordion_tab title=\u00a0\u00bbCR\u00c9ATION D\u2019ENTREPRISE\u00a0\u00bb title_color=\u00a0\u00bb#404040&Prime; title_tag=\u00a0\u00bbh4&Prime;][vc_column_text][vc_separator type=&rsquo;normal&rsquo; position=&rsquo;left&rsquo; color=&rsquo;#cccccc&rsquo; thickness=&rsquo;1&prime; up=&rsquo;10&rsquo; down=&rsquo;10&rsquo;]<\/p>\n<p>Conseils et Coaching, suivi du cr\u00e9ateur et du projet.<\/p>\n<p>[vc_separator type=&rsquo;normal&rsquo; position=&rsquo;left&rsquo; color=&rsquo;#cccccc&rsquo; thickness=&rsquo;1&prime; up=&rsquo;10&rsquo; down=&rsquo;10&rsquo;]<\/p>\n<p>Du d\u00e9sir d\u2019entreprendre au projet durable.<\/p>\n<p>[vc_separator type=&rsquo;normal&rsquo; position=&rsquo;left&rsquo; color=&rsquo;#cccccc&rsquo; thickness=&rsquo;1&prime; up=&rsquo;10&rsquo; down=&rsquo;10&rsquo;]<\/p>\n<p>Benchmarck et inspiration.<\/p>\n<p>[vc_separator type=&rsquo;normal&rsquo; position=&rsquo;left&rsquo; color=&rsquo;#cccccc&rsquo; thickness=&rsquo;1&prime; up=&rsquo;10&rsquo; down=&rsquo;10&rsquo;]<\/p>\n<p>Ad\u00e9quation profil du cr\u00e9ateur \/ projet.<\/p>\n<p>[vc_separator type=&rsquo;normal&rsquo; position=&rsquo;left&rsquo; color=&rsquo;#cccccc&rsquo; thickness=&rsquo;1&prime; up=&rsquo;10&rsquo; down=&rsquo;10&rsquo;]<\/p>\n<p>Ecrire, exprimer, incarner le projet.<\/p>\n<p>[vc_separator type=&rsquo;normal&rsquo; position=&rsquo;left&rsquo; color=&rsquo;#cccccc&rsquo; thickness=&rsquo;1&prime; up=&rsquo;10&rsquo; down=&rsquo;10&rsquo;]<\/p>\n<p>Poser un Business Model original et diff\u00e9renciant.<\/p>\n<p>[vc_separator type=&rsquo;normal&rsquo; position=&rsquo;left&rsquo; color=&rsquo;#cccccc&rsquo; thickness=&rsquo;1&prime; up=&rsquo;10&rsquo; down=&rsquo;10&rsquo;]<\/p>\n<p>Acqu\u00e9rir une vision transversale.<\/p>\n<p>[vc_separator type=&rsquo;normal&rsquo; position=&rsquo;left&rsquo; color=&rsquo;#cccccc&rsquo; thickness=&rsquo;1&prime; up=&rsquo;10&rsquo; down=&rsquo;10&rsquo;]<\/p>\n<p>Elaborer la Strat\u00e9gie de communication.<\/p>\n<p>[vc_separator type=&rsquo;normal&rsquo; position=&rsquo;left&rsquo; color=&rsquo;#cccccc&rsquo; thickness=&rsquo;1&prime; up=&rsquo;10&rsquo; down=&rsquo;10&rsquo;]<\/p>\n<p>Elaborer et valider le business plan.<\/p>\n<p>[vc_separator type=&rsquo;normal&rsquo; position=&rsquo;left&rsquo; color=&rsquo;#cccccc&rsquo; thickness=&rsquo;1&prime; up=&rsquo;10&rsquo; down=&rsquo;10&rsquo;]<\/p>\n<p>Adopter la posture entrepreneuriale.<\/p>\n<p>[vc_separator type=&rsquo;normal&rsquo; position=&rsquo;left&rsquo; color=&rsquo;#cccccc&rsquo; thickness=&rsquo;1&prime; up=&rsquo;10&rsquo; down=&rsquo;10&rsquo;]<\/p>\n<p>Mediatraining.<\/p>\n<p>[vc_separator type=&rsquo;normal&rsquo; position=&rsquo;left&rsquo; color=&rsquo;#cccccc&rsquo; thickness=&rsquo;1&prime; up=&rsquo;10&rsquo; down=&rsquo;10&rsquo;][\/vc_column_text][\/vc_accordion_tab][vc_accordion_tab title=\u00a0\u00bbPILOTAGE DE PROJETS\u00a0\u00bb title_color=\u00a0\u00bb#404040&Prime; title_tag=\u00a0\u00bbh4&Prime;][vc_column_text][vc_separator type=&rsquo;normal&rsquo; position=&rsquo;left&rsquo; color=&rsquo;#cccccc&rsquo; thickness=&rsquo;1&prime; up=&rsquo;10&rsquo; down=&rsquo;10&rsquo;]<\/p>\n<p>R\u00e9flexion pr\u00e9alable. Cahier des charges. AMO.<\/p>\n<p>[vc_separator type=&rsquo;normal&rsquo; position=&rsquo;left&rsquo; color=&rsquo;#cccccc&rsquo; thickness=&rsquo;1&prime; up=&rsquo;10&rsquo; down=&rsquo;10&rsquo;]<\/p>\n<p>Planning strat\u00e9gique.<\/p>\n<p>[vc_separator type=&rsquo;normal&rsquo; position=&rsquo;left&rsquo; color=&rsquo;#cccccc&rsquo; thickness=&rsquo;1&prime; up=&rsquo;10&rsquo; down=&rsquo;10&rsquo;]<\/p>\n<p>Assistance \u00e0 ma\u00eetrise d\u2019oeuvre, pilotage.<\/p>\n<p>[vc_separator type=&rsquo;normal&rsquo; position=&rsquo;left&rsquo; color=&rsquo;#cccccc&rsquo; thickness=&rsquo;1&prime; up=&rsquo;10&rsquo; down=&rsquo;10&rsquo;]<\/p>\n<p>Lancement et communication.<\/p>\n<p>[vc_separator type=&rsquo;normal&rsquo; position=&rsquo;left&rsquo; color=&rsquo;#cccccc&rsquo; thickness=&rsquo;1&prime; up=&rsquo;10&rsquo; down=&rsquo;10&rsquo;]<\/p>\n<p>Conseil, r\u00e9alisation, suivi, \u00e9valuation.<\/p>\n<p>[vc_separator type=&rsquo;normal&rsquo; position=&rsquo;left&rsquo; color=&rsquo;#cccccc&rsquo; thickness=&rsquo;1&prime; up=&rsquo;10&rsquo; down=&rsquo;10&rsquo;]<\/p>\n<p>Conseil et accompagnement au pilotage de projet.<\/p>\n<p>[vc_separator type=&rsquo;normal&rsquo; position=&rsquo;left&rsquo; color=&rsquo;#cccccc&rsquo; thickness=&rsquo;1&prime; up=&rsquo;10&rsquo; down=&rsquo;10&rsquo;][\/vc_column_text][\/vc_accordion_tab][\/vc_accordion][vc_separator color=\u00a0\u00bb#404040&Prime; thickness=\u00a0\u00bb10&Prime; up=\u00a0\u00bb20&Prime; down=\u00a0\u00bb50&Prime;][vc_column_text]<\/p>\n<h1 style=\"font-size: 20px; letter-spacing: 1px;\">MISSIONS ET FONCTIONS EXTERNALIS\u00c9ES<\/h1>\n<p>[\/vc_column_text][vc_separator color=\u00a0\u00bb#404040&Prime; thickness=\u00a0\u00bb1&Prime; up=\u00a0\u00bb10&Prime; down=\u00a0\u00bb30&Prime;][vc_accordion active_tab=\u00a0\u00bbfalse\u00a0\u00bb collapsible=\u00a0\u00bbyes\u00a0\u00bb accordion_border_radius=\u00a0\u00bb0&Prime;][vc_accordion_tab title=\u00a0\u00bbTOUTE ORGANISATION\u00a0\u00bb title_color=\u00a0\u00bb#404040&Prime; title_tag=\u00a0\u00bbh4&Prime;][vc_column_text][vc_separator type=&rsquo;normal&rsquo; position=&rsquo;left&rsquo; color=&rsquo;#cccccc&rsquo; thickness=&rsquo;1&prime; up=&rsquo;10&rsquo; down=&rsquo;10&rsquo;]<\/p>\n<p>Toute fonction strat\u00e9gique, organisationnelle et manag\u00e9riale.<\/p>\n<p>[vc_separator type=&rsquo;normal&rsquo; position=&rsquo;left&rsquo; color=&rsquo;#cccccc&rsquo; thickness=&rsquo;1&prime; up=&rsquo;10&rsquo; down=&rsquo;10&rsquo;]<\/p>\n<p>Tout pilotage d\u2019\u00e9quipes et Management externalis\u00e9.<\/p>\n<p>[vc_separator type=&rsquo;normal&rsquo; position=&rsquo;left&rsquo; color=&rsquo;#cccccc&rsquo; thickness=&rsquo;1&prime; up=&rsquo;10&rsquo; down=&rsquo;10&rsquo;]<\/p>\n<p>Pilotage de projets \/ AMO.<\/p>\n<p>[vc_separator type=&rsquo;normal&rsquo; position=&rsquo;left&rsquo; color=&rsquo;#cccccc&rsquo; thickness=&rsquo;1&prime; up=&rsquo;10&rsquo; down=&rsquo;10&rsquo;]<\/p>\n<p>Manager de transition, Change Manager.<\/p>\n<p>[vc_separator type=&rsquo;normal&rsquo; position=&rsquo;left&rsquo; color=&rsquo;#cccccc&rsquo; thickness=&rsquo;1&prime; up=&rsquo;10&rsquo; down=&rsquo;10&rsquo;]<\/p>\n<p>Directeur de l\u2019innovation.<\/p>\n<p>[vc_separator type=&rsquo;normal&rsquo; position=&rsquo;left&rsquo; color=&rsquo;#cccccc&rsquo; thickness=&rsquo;1&prime; up=&rsquo;10&rsquo; down=&rsquo;10&rsquo;]<\/p>\n<p>Directeur de communication.<\/p>\n<p>[vc_separator type=&rsquo;normal&rsquo; position=&rsquo;left&rsquo; color=&rsquo;#cccccc&rsquo; thickness=&rsquo;1&prime; up=&rsquo;10&rsquo; down=&rsquo;10&rsquo;][\/vc_column_text][\/vc_accordion_tab][vc_accordion_tab title=\u00a0\u00bbSECTEUR PUBLIC\u00a0\u00bb title_color=\u00a0\u00bb#404040&Prime; title_tag=\u00a0\u00bbh4&Prime;][vc_column_text][vc_separator type=&rsquo;normal&rsquo; position=&rsquo;left&rsquo; color=&rsquo;#cccccc&rsquo; thickness=&rsquo;1&prime; up=&rsquo;10&rsquo; down=&rsquo;10&rsquo;]<\/p>\n<p>Directeur de cabinet.<\/p>\n<p>[vc_separator type=&rsquo;normal&rsquo; position=&rsquo;left&rsquo; color=&rsquo;#cccccc&rsquo; thickness=&rsquo;1&prime; up=&rsquo;10&rsquo; down=&rsquo;10&rsquo;]<\/p>\n<p>Directeur de campagne.<\/p>\n<p>[vc_separator type=&rsquo;normal&rsquo; position=&rsquo;left&rsquo; color=&rsquo;#cccccc&rsquo; thickness=&rsquo;1&prime; up=&rsquo;10&rsquo; down=&rsquo;10&rsquo;]<\/p>\n<p>DGS.<\/p>\n<p>[vc_separator type=&rsquo;normal&rsquo; position=&rsquo;left&rsquo; color=&rsquo;#cccccc&rsquo; thickness=&rsquo;1&prime; up=&rsquo;10&rsquo; down=&rsquo;10&rsquo;]<\/p>\n<p>Action culturelle.<\/p>\n<p>[vc_separator type=&rsquo;normal&rsquo; position=&rsquo;left&rsquo; color=&rsquo;#cccccc&rsquo; thickness=&rsquo;1&prime; up=&rsquo;10&rsquo; down=&rsquo;10&rsquo;]<\/p>\n<p>D\u00e9veloppement de l\u2019entrepreneuriat.<\/p>\n<p>[vc_separator type=&rsquo;normal&rsquo; position=&rsquo;left&rsquo; color=&rsquo;#cccccc&rsquo; thickness=&rsquo;1&prime; up=&rsquo;10&rsquo; down=&rsquo;10&rsquo;]<\/p>\n<p>Managers de transition \/ charg\u00e9s de mission.<\/p>\n<p>[vc_separator type=&rsquo;normal&rsquo; position=&rsquo;left&rsquo; color=&rsquo;#cccccc&rsquo; thickness=&rsquo;1&prime; up=&rsquo;10&rsquo; down=&rsquo;10&rsquo;][\/vc_column_text][\/vc_accordion_tab][vc_accordion_tab title=\u00a0\u00bbINSTITUT DE FORMATION\u00a0\u00bb title_color=\u00a0\u00bb#404040&Prime; title_tag=\u00a0\u00bbh4&Prime;][vc_column_text][vc_separator type=&rsquo;normal&rsquo; position=&rsquo;left&rsquo; color=&rsquo;#cccccc&rsquo; thickness=&rsquo;1&prime; up=&rsquo;10&rsquo; down=&rsquo;10&rsquo;]<\/p>\n<p>Direction p\u00e9dagogique.<\/p>\n<p>[vc_separator type=&rsquo;normal&rsquo; position=&rsquo;left&rsquo; color=&rsquo;#cccccc&rsquo; thickness=&rsquo;1&prime; up=&rsquo;10&rsquo; down=&rsquo;10&rsquo;]<\/p>\n<p>Cr\u00e9ation et d\u00e9veloppement de formations.<\/p>\n<p>[vc_separator type=&rsquo;normal&rsquo; position=&rsquo;left&rsquo; color=&rsquo;#cccccc&rsquo; thickness=&rsquo;1&prime; up=&rsquo;10&rsquo; down=&rsquo;10&rsquo;]<\/p>\n<p>Formation des formateurs internes.<\/p>\n<p>[vc_separator type=&rsquo;normal&rsquo; position=&rsquo;left&rsquo; color=&rsquo;#cccccc&rsquo; thickness=&rsquo;1&prime; up=&rsquo;10&rsquo; down=&rsquo;10&rsquo;][\/vc_column_text][\/vc_accordion_tab][\/vc_accordion][vc_separator color=\u00a0\u00bb#404040&Prime; thickness=\u00a0\u00bb10&Prime; up=\u00a0\u00bb20&Prime;][\/vc_column][\/vc_row]<\/p>\n","protected":false},"excerpt":{"rendered":"<p>[vc_row type=\u00a0\u00bbgrid\u00a0\u00bb css=\u00a0\u00bb.vc_custom_1541159366031{padding-top: 50px !important;padding-bottom: 50px !important;}\u00a0\u00bb][vc_column][vc_row_inner type=\u00a0\u00bbgrid\u00a0\u00bb][vc_column_inner][vc_column_text] AGENCE DE R\u00c9FLEXION \/ BE ONE AKT [\/vc_column_text][vc_separator color=\u00a0\u00bb#404040&Prime; thickness=\u00a0\u00bb10&Prime; up=\u00a0\u00bb15&Prime;][\/vc_column_inner][\/vc_row_inner][\/vc_column][\/vc_row][vc_row type=\u00a0\u00bbgrid\u00a0\u00bb padding_top=\u00a0\u00bb80&Prime; padding_bottom=\u00a0\u00bb80&Prime;][vc_column width=\u00a0\u00bb1\/3&Prime;][vc_separator type=\u00a0\u00bbtransparent\u00a0\u00bb thickness=\u00a0\u00bb60&Prime;][vc_column_text] NOS OFFRES [\/vc_column_text][vc_separator color=\u00a0\u00bb#404040&Prime; thickness=\u00a0\u00bb1&Prime;&#8230;<\/p>\n","protected":false},"author":3,"featured_media":0,"parent":109,"menu_order":0,"comment_status":"open","ping_status":"open","template":"full_width.php","meta":[],"_links":{"self":[{"href":"https:\/\/b1-akt.com\/FR\/wp-json\/wp\/v2\/pages\/663"}],"collection":[{"href":"https:\/\/b1-akt.com\/FR\/wp-json\/wp\/v2\/pages"}],"about":[{"href":"https:\/\/b1-akt.com\/FR\/wp-json\/wp\/v2\/types\/page"}],"author":[{"embeddable":true,"href":"https:\/\/b1-akt.com\/FR\/wp-json\/wp\/v2\/users\/3"}],"replies":[{"embeddable":true,"href":"https:\/\/b1-akt.com\/FR\/wp-json\/wp\/v2\/comments?post=663"}],"version-history":[{"count":7,"href":"https:\/\/b1-akt.com\/FR\/wp-json\/wp\/v2\/pages\/663\/revisions"}],"predecessor-version":[{"id":10136,"href":"https:\/\/b1-akt.com\/FR\/wp-json\/wp\/v2\/pages\/663\/revisions\/10136"}],"up":[{"embeddable":true,"href":"https:\/\/b1-akt.com\/FR\/wp-json\/wp\/v2\/pages\/109"}],"wp:attachment":[{"href":"https:\/\/b1-akt.com\/FR\/wp-json\/wp\/v2\/media?parent=663"}],"curies":[{"name":"wp","href":"https:\/\/api.w.org\/{rel}","templated":true}]}}