{"id":681,"date":"2015-01-20T12:13:21","date_gmt":"2015-01-20T12:13:21","guid":{"rendered":"http:\/\/florentnicolas.fr\/B1-AKT\/?page_id=681"},"modified":"2020-09-30T09:45:29","modified_gmt":"2020-09-30T08:45:29","slug":"action-publique-strategie-politique","status":"publish","type":"page","link":"https:\/\/b1-akt.com\/FR\/agence-de-reflexion\/action-publique-strategie-politique\/","title":{"rendered":"ACTION PUBLIQUE \/ STRAT\u00c9GIE POLITIQUE"},"content":{"rendered":"<p>[vc_row type=\u00a0\u00bbgrid\u00a0\u00bb background_color=\u00a0\u00bb#ffffff\u00a0\u00bb][vc_column][vc_row_inner type=\u00a0\u00bbgrid\u00a0\u00bb css=\u00a0\u00bb.vc_custom_1422878881973{padding-top: 50px !important;padding-bottom: 50px !important;}\u00a0\u00bb][vc_column_inner][vc_column_text]<\/p>\n<h2 style=\"color: #fd5600;\">AGENCE DE R\u00c9FLEXION<\/h2>\n<h1>\/ BE ONE AKT<\/h1>\n<p>[\/vc_column_text][vc_separator color=\u00a0\u00bb#404040&Prime; thickness=\u00a0\u00bb10&Prime; up=\u00a0\u00bb15&Prime;][\/vc_column_inner][\/vc_row_inner][\/vc_column][\/vc_row][vc_row type=\u00a0\u00bbgrid\u00a0\u00bb padding_top=\u00a0\u00bb80&Prime; padding_bottom=\u00a0\u00bb80&Prime;][vc_column width=\u00a0\u00bb1\/3&Prime;][vc_separator type=\u00a0\u00bbtransparent\u00a0\u00bb thickness=\u00a0\u00bb60&Prime;][vc_column_text]<\/p>\n<h1 style=\"font-size: 20px; letter-spacing: 1px;\">NOS OFFRES<\/h1>\n<p>[\/vc_column_text][vc_separator color=\u00a0\u00bb#404040&Prime; thickness=\u00a0\u00bb1&Prime; up=\u00a0\u00bb10&Prime; down=\u00a0\u00bb10&Prime;][vc_column_text]<a style=\"font-size: 12px; font-weight: 500; letter-spacing: 1px;\" title=\"THINK TANK et PROSPECTIVE\" href=\"https:\/\/b1-akt.com\/FR\/agence-de-reflexion\/think-tank-et-prospective\/\">THINK TANK ET PROSPECTIVE<\/a>[\/vc_column_text][vc_separator color=\u00a0\u00bb#cccccc\u00a0\u00bb thickness=\u00a0\u00bb1&Prime; up=\u00a0\u00bb10&Prime; down=\u00a0\u00bb10&Prime;][vc_column_text]<a style=\"font-size: 12px; font-weight: 500; letter-spacing: 1px;\" title=\"STRAT\u00c9GIE GLOBALE \/ COMMUNICATION HOLISTIQUE\" href=\"https:\/\/b1-akt.com\/FR\/agence-de-reflexion\/strategie-globale-communication-holistique\/\">STRAT\u00c9GIE GLOBALE \/ COMMUNICATION HOLISTIQUE<\/a>[\/vc_column_text][vc_separator color=\u00a0\u00bb#cccccc\u00a0\u00bb thickness=\u00a0\u00bb1&Prime; up=\u00a0\u00bb10&Prime; down=\u00a0\u00bb10&Prime;][vc_column_text]<a style=\"font-size: 12px; font-weight: 500; letter-spacing: 1px;\" title=\"ACCOMPAGNEMENT \/ MISSIONS EXTERNALIS\u00c9ES\" href=\"https:\/\/b1-akt.com\/FR\/agence-de-reflexion\/accompagnement-missions-externalisees\/\">ACCOMPAGNEMENT \/ MISSIONS EXTERNALIS\u00c9ES<\/a>[\/vc_column_text][vc_separator color=\u00a0\u00bb#cccccc\u00a0\u00bb thickness=\u00a0\u00bb1&Prime; up=\u00a0\u00bb10&Prime; down=\u00a0\u00bb10&Prime;][vc_column_text]<a style=\"font-size: 12px; font-weight: 500; letter-spacing: 1px; color: #fd5600;\" title=\"ACTION PUBLIQUE \/ STRAT\u00c9GIE POLITIQUE\" href=\"https:\/\/b1-akt.com\/FR\/agence-de-reflexion\/action-publique-strategie-politique\/\">ACTION PUBLIQUE \/ STRAT\u00c9GIE POLITIQUE<\/a>[\/vc_column_text][vc_separator color=\u00a0\u00bb#cccccc\u00a0\u00bb thickness=\u00a0\u00bb1&Prime; up=\u00a0\u00bb10&Prime;][vc_separator color=\u00a0\u00bb#fd5600&Prime; thickness=\u00a0\u00bb10&Prime; up=\u00a0\u00bb30&Prime; down=\u00a0\u00bb30&Prime;][vc_column_text]<\/p>\n<h4>TARIFS<\/h4>\n<p>[\/vc_column_text][vc_separator type=\u00a0\u00bbsmall\u00a0\u00bb position=\u00a0\u00bbleft\u00a0\u00bb thickness=\u00a0\u00bb1&Prime; width=\u00a0\u00bb20&Prime; up=\u00a0\u00bb10&Prime; down=\u00a0\u00bb10&Prime;][vc_column_text]Toute prestation est sp\u00e9cifique.<br \/>\nElle fait l\u2019objet d\u2019un devis suite \u00e0 rencontre<br \/>\net pr\u00e9-diagnostic.<\/p>\n<p>[\/vc_column_text][vc_separator type=\u00a0\u00bbsmall\u00a0\u00bb position=\u00a0\u00bbleft\u00a0\u00bb thickness=\u00a0\u00bb1&Prime; width=\u00a0\u00bb20&Prime; up=\u00a0\u00bb10&Prime; down=\u00a0\u00bb10&Prime;][vc_column_text]<br \/>\n<a style=\"color: #fd5600; font-weight: 500;\" href=\"mailto:contact@b1-akt.com\">contact@b1-akt.com<\/a>[\/vc_column_text][vc_separator color=\u00a0\u00bb#ffffff\u00a0\u00bb thickness=\u00a0\u00bb1&Prime; up=\u00a0\u00bb10&Prime; down=\u00a0\u00bb30&Prime;][vc_separator color=\u00a0\u00bb#fd5600&Prime; thickness=\u00a0\u00bb10&Prime; up=\u00a0\u00bb30&Prime; down=\u00a0\u00bb30&Prime;][vc_column_text]<span class=\"qode_icon_shortcode  q_font_awsome_icon fa-2x pull-right \" style=\" \"><a href=\"https:\/\/b1-akt.com\/FR\/wp-content\/uploads\/2020\/09\/2020-09-30-catalogue-conseil-formation-accompagnement-B1-AKT-service-public-collectivit%C3%A9s-territoriales.pdf\" target=\"_blank\"><i class=\"fa fa-file-pdf-o\" style=\"color: #00cccc;\"><\/i><\/a><\/span><\/p>\n<h4>[vc_separator type=&rsquo;transparent&rsquo; position=&rsquo;left&rsquo; color=\u00a0\u00bb thickness=&rsquo;5&prime; up=\u00a0\u00bb down=\u00a0\u00bb]<\/h4>\n<h4><a href=\"https:\/\/b1-akt.com\/FR\/2020-09-30-catalogue-conseil-formation-accompagnement-b1-akt-service-public-collectivites-territoriales\/\" target=\"_blank\" rel=\"noopener noreferrer\" data-wplink-edit=\"true\">B1 AKT CATALOGUE SERVICE PUBLIC &amp; COLLECTIVITES TERRITORIALES<\/a><\/h4>\n<p>[\/vc_column_text][vc_separator color=\u00a0\u00bb#ffffff\u00a0\u00bb thickness=\u00a0\u00bb10&Prime; up=\u00a0\u00bb10&Prime; down=\u00a0\u00bb10&Prime;][vc_column_text]<span class=\"qode_icon_shortcode  q_font_awsome_icon fa-2x pull-right \" style=\" \"><a href=\"https:\/\/b1-akt.com\/FR\/wp-content\/uploads\/2019\/08\/B1-AKT-Institute-for-Government.pdf\" target=\"_blank\"><i class=\"fa fa-file-pdf-o\" style=\"color: #00cccc;\"><\/i><\/a><\/span><\/p>\n<h4>[vc_separator type=&rsquo;transparent&rsquo; position=&rsquo;left&rsquo; color=\u00a0\u00bb thickness=&rsquo;5&prime; up=\u00a0\u00bb down=\u00a0\u00bb]<\/h4>\n<h4><a href=\"https:\/\/b1-akt.com\/FR\/wp-content\/uploads\/2019\/08\/B1-AKT-Institute-for-Government.pdf\" target=\"_blank\" rel=\"noopener noreferrer\">B1 AKT INSTITUTE FOR GOVERNMENT<\/a><\/h4>\n<p>[\/vc_column_text][vc_separator color=\u00a0\u00bb#ffffff\u00a0\u00bb thickness=\u00a0\u00bb1&Prime; up=\u00a0\u00bb10&Prime; down=\u00a0\u00bb30&Prime;][vc_separator color=\u00a0\u00bb#fd5600&Prime; thickness=\u00a0\u00bb10&Prime; up=\u00a0\u00bb30&Prime; down=\u00a0\u00bb30&Prime;][\/vc_column][vc_column width=\u00a0\u00bb2\/3&Prime;][vc_column_text]<\/p>\n<h1>ACTION PUBLIQUE<br \/>\nSTRAT\u00c9GIE POLITIQUE<\/h1>\n<p>[\/vc_column_text][vc_separator type=\u00a0\u00bbtransparent\u00a0\u00bb thickness=\u00a0\u00bb20&Prime;][vc_row_inner][vc_column_inner width=\u00a0\u00bb1\/2&Prime;][vc_column_text]<\/p>\n<p style=\"text-align: justify;\">Nous accompagnons les collectivit\u00e9s territoriales, \u00e9lus, institutions, cabinets, minist\u00e8res, \u2026 dans la r\u00e9flexion, la conception et la mise en oeuvre de la modernisation de l\u2019Action Publique.<\/p>\n<p>[\/vc_column_text][\/vc_column_inner][vc_column_inner width=\u00a0\u00bb1\/2&Prime;][vc_column_text]<\/p>\n<p>Nous participons \u00e0 la cr\u00e9ation, \u00e0 la mise en oeuvre et \u00e0 l\u2019accompagnement de projets politiques de renouveau, aussi bien qu\u2019\u00e0 l\u2019application de lois, d\u00e9crets, RGPP, lois de d\u00e9centralisation\u2026<\/p>\n<p>[\/vc_column_text][\/vc_column_inner][\/vc_row_inner][vc_separator color=\u00a0\u00bb#404040&Prime; thickness=\u00a0\u00bb10&Prime; up=\u00a0\u00bb30&Prime; down=\u00a0\u00bb50&Prime;][vc_column_text]<\/p>\n<h1 style=\"font-size: 20px; letter-spacing: 1px;\">L\u2019AGENCE DE STRAT\u00c9GIE POLITIQUE<\/h1>\n<p>Conseil et accompagnement aux partis, aux \u00e9lus, aux candidats.[\/vc_column_text][vc_separator color=\u00a0\u00bb#404040&Prime; thickness=\u00a0\u00bb1&Prime; up=\u00a0\u00bb10&Prime; down=\u00a0\u00bb30&Prime;][vc_accordion active_tab=\u00a0\u00bb1&Prime; collapsible=\u00a0\u00bbyes\u00a0\u00bb accordion_border_radius=\u00a0\u00bb0&Prime;][vc_accordion_tab title=\u00a0\u00bbPR\u00c9VOIR LE RENOUVEAU\u00a0\u00bb title_color=\u00a0\u00bb#404040&Prime; title_tag=\u00a0\u00bbh4&Prime;][vc_column_text][vc_separator type=&rsquo;normal&rsquo; position=&rsquo;left&rsquo; color=&rsquo;#cccccc&rsquo; thickness=&rsquo;1&prime; up=&rsquo;10&rsquo; down=&rsquo;10&rsquo;]<\/p>\n<p>Tendances soci\u00e9tales.<\/p>\n<p>[vc_separator type=&rsquo;normal&rsquo; position=&rsquo;left&rsquo; color=&rsquo;#cccccc&rsquo; thickness=&rsquo;1&prime; up=&rsquo;10&rsquo; down=&rsquo;10&rsquo;]<\/p>\n<p>Comprendre les enjeux et opportunit\u00e9s.<\/p>\n<p>[vc_separator type=&rsquo;normal&rsquo; position=&rsquo;left&rsquo; color=&rsquo;#cccccc&rsquo; thickness=&rsquo;1&prime; up=&rsquo;10&rsquo; down=&rsquo;10&rsquo;]<\/p>\n<p>Besoins des individus et des groupes sociaux.<\/p>\n<p>[vc_separator type=&rsquo;normal&rsquo; position=&rsquo;left&rsquo; color=&rsquo;#cccccc&rsquo; thickness=&rsquo;1&prime; up=&rsquo;10&rsquo; down=&rsquo;10&rsquo;]<\/p>\n<p>Contexte \u00e9conomique, politique.<\/p>\n<p>[vc_separator type=&rsquo;normal&rsquo; position=&rsquo;left&rsquo; color=&rsquo;#cccccc&rsquo; thickness=&rsquo;1&prime; up=&rsquo;10&rsquo; down=&rsquo;10&rsquo;]<\/p>\n<p>Anticiper les probl\u00e8mes de mise en oeuvre de l\u2019action publique.<\/p>\n<p>[vc_separator type=&rsquo;normal&rsquo; position=&rsquo;left&rsquo; color=&rsquo;#cccccc&rsquo; thickness=&rsquo;1&prime; up=&rsquo;10&rsquo; down=&rsquo;10&rsquo;]<\/p>\n<p>Envisager le long terme en p\u00e9riode de crise.<\/p>\n<p>[vc_separator type=&rsquo;normal&rsquo; position=&rsquo;left&rsquo; color=&rsquo;#cccccc&rsquo; thickness=&rsquo;1&prime; up=&rsquo;10&rsquo; down=&rsquo;10&rsquo;][\/vc_column_text][\/vc_accordion_tab][vc_accordion_tab title=\u00a0\u00bbCR\u00c9ER LE RENOUVEAU\u00a0\u00bb title_color=\u00a0\u00bb#404040&Prime; title_tag=\u00a0\u00bbh4&Prime;][vc_column_text][vc_separator type=&rsquo;normal&rsquo; position=&rsquo;left&rsquo; color=&rsquo;#cccccc&rsquo; thickness=&rsquo;1&prime; up=&rsquo;10&rsquo; down=&rsquo;10&rsquo;]<\/p>\n<p>Concevoir un projet et \u00e9crire un programme politique.<\/p>\n<p>[vc_separator type=&rsquo;normal&rsquo; position=&rsquo;left&rsquo; color=&rsquo;#cccccc&rsquo; thickness=&rsquo;1&prime; up=&rsquo;10&rsquo; down=&rsquo;10&rsquo;]<\/p>\n<p>\u00c9laborer une strat\u00e9gie de campagne \u00e9lectorale.<\/p>\n<p>[vc_separator type=&rsquo;normal&rsquo; position=&rsquo;left&rsquo; color=&rsquo;#cccccc&rsquo; thickness=&rsquo;1&prime; up=&rsquo;10&rsquo; down=&rsquo;10&rsquo;]<\/p>\n<p>Repenser l\u2019orientation d\u2019un parti politique.<\/p>\n<p>[vc_separator type=&rsquo;normal&rsquo; position=&rsquo;left&rsquo; color=&rsquo;#cccccc&rsquo; thickness=&rsquo;1&prime; up=&rsquo;10&rsquo; down=&rsquo;10&rsquo;]<\/p>\n<p>Repositionner l\u2019action politique.<\/p>\n<p>[vc_separator type=&rsquo;normal&rsquo; position=&rsquo;left&rsquo; color=&rsquo;#cccccc&rsquo; thickness=&rsquo;1&prime; up=&rsquo;10&rsquo; down=&rsquo;10&rsquo;]<\/p>\n<p>Gouverner, diriger.<\/p>\n<p>[vc_separator type=&rsquo;normal&rsquo; position=&rsquo;left&rsquo; color=&rsquo;#cccccc&rsquo; thickness=&rsquo;1&prime; up=&rsquo;10&rsquo; down=&rsquo;10&rsquo;]<\/p>\n<p>Piloter les parties prenantes.<\/p>\n<p>[vc_separator type=&rsquo;normal&rsquo; position=&rsquo;left&rsquo; color=&rsquo;#cccccc&rsquo; thickness=&rsquo;1&prime; up=&rsquo;10&rsquo; down=&rsquo;10&rsquo;]<\/p>\n<p>Communiquer son action.<\/p>\n<p>[vc_separator type=&rsquo;normal&rsquo; position=&rsquo;left&rsquo; color=&rsquo;#cccccc&rsquo; thickness=&rsquo;1&prime; up=&rsquo;10&rsquo; down=&rsquo;10&rsquo;]<\/p>\n<p>Travailler sa posture et Media training.<\/p>\n<p>[vc_separator type=&rsquo;normal&rsquo; position=&rsquo;left&rsquo; color=&rsquo;#cccccc&rsquo; thickness=&rsquo;1&prime; up=&rsquo;10&rsquo; down=&rsquo;10&rsquo;]<\/p>\n<p>Utiliser les bons \u00e9l\u00e9ments de langage.<\/p>\n<p>[vc_separator type=&rsquo;normal&rsquo; position=&rsquo;left&rsquo; color=&rsquo;#cccccc&rsquo; thickness=&rsquo;1&prime; up=&rsquo;10&rsquo; down=&rsquo;10&rsquo;][\/vc_column_text][\/vc_accordion_tab][vc_accordion_tab title=\u00a0\u00bbMETTRE EN OEUVRE LE RENOUVEAU\u00a0\u00bb title_color=\u00a0\u00bb#404040&Prime; title_tag=\u00a0\u00bbh4&Prime;][vc_column_text][vc_separator type=&rsquo;normal&rsquo; position=&rsquo;left&rsquo; color=&rsquo;#cccccc&rsquo; thickness=&rsquo;1&prime; up=&rsquo;10&rsquo; down=&rsquo;10&rsquo;]<\/p>\n<p>Action concr\u00e8te.<\/p>\n<p>[vc_separator type=&rsquo;normal&rsquo; position=&rsquo;left&rsquo; color=&rsquo;#cccccc&rsquo; thickness=&rsquo;1&prime; up=&rsquo;10&rsquo; down=&rsquo;10&rsquo;]<\/p>\n<p>S\u2019entourer \/ l\u2019\u00e9quipe.<\/p>\n<p>[vc_separator type=&rsquo;normal&rsquo; position=&rsquo;left&rsquo; color=&rsquo;#cccccc&rsquo; thickness=&rsquo;1&prime; up=&rsquo;10&rsquo; down=&rsquo;10&rsquo;]<\/p>\n<p>D\u00e9velopper les r\u00e9seaux.<\/p>\n<p>[vc_separator type=&rsquo;normal&rsquo; position=&rsquo;left&rsquo; color=&rsquo;#cccccc&rsquo; thickness=&rsquo;1&prime; up=&rsquo;10&rsquo; down=&rsquo;10&rsquo;]<\/p>\n<p>Se positionner politiquement.<\/p>\n<p>[vc_separator type=&rsquo;normal&rsquo; position=&rsquo;left&rsquo; color=&rsquo;#cccccc&rsquo; thickness=&rsquo;1&prime; up=&rsquo;10&rsquo; down=&rsquo;10&rsquo;]<\/p>\n<p>Diriger des commissions de travail.<\/p>\n<p>[vc_separator type=&rsquo;normal&rsquo; position=&rsquo;left&rsquo; color=&rsquo;#cccccc&rsquo; thickness=&rsquo;1&prime; up=&rsquo;10&rsquo; down=&rsquo;10&rsquo;]<\/p>\n<p>Mettre en place des observatoires externalis\u00e9s.<\/p>\n<p>[vc_separator type=&rsquo;normal&rsquo; position=&rsquo;left&rsquo; color=&rsquo;#cccccc&rsquo; thickness=&rsquo;1&prime; up=&rsquo;10&rsquo; down=&rsquo;10&rsquo;]<\/p>\n<p>Communiquer institutionnellement.<\/p>\n<p>[vc_separator type=&rsquo;normal&rsquo; position=&rsquo;left&rsquo; color=&rsquo;#cccccc&rsquo; thickness=&rsquo;1&prime; up=&rsquo;10&rsquo; down=&rsquo;10&rsquo;]<\/p>\n<p>Communiquer personnellement.<\/p>\n<p>[vc_separator type=&rsquo;normal&rsquo; position=&rsquo;left&rsquo; color=&rsquo;#cccccc&rsquo; thickness=&rsquo;1&prime; up=&rsquo;10&rsquo; down=&rsquo;10&rsquo;][\/vc_column_text][\/vc_accordion_tab][\/vc_accordion][vc_separator color=\u00a0\u00bb#404040&Prime; thickness=\u00a0\u00bb10&Prime; up=\u00a0\u00bb20&Prime; down=\u00a0\u00bb50&Prime;][vc_column_text]<\/p>\n<h1 style=\"font-size: 20px; letter-spacing: 1px;\">L\u2019AGENCE CONSEIL EN ACTION PUBLIQUE<\/h1>\n<p>[\/vc_column_text][vc_separator color=\u00a0\u00bb#404040&Prime; thickness=\u00a0\u00bb1&Prime; up=\u00a0\u00bb10&Prime; down=\u00a0\u00bb30&Prime;][vc_accordion active_tab=\u00a0\u00bbfalse\u00a0\u00bb collapsible=\u00a0\u00bbyes\u00a0\u00bb accordion_border_radius=\u00a0\u00bb0&Prime;][vc_accordion_tab title=\u00a0\u00bbMISE EN OEUVRE DE POLITIQUES PUBLIQUES\u00a0\u00bb title_color=\u00a0\u00bb#404040&Prime; title_tag=\u00a0\u00bbh4&Prime;][vc_column_text][vc_separator type=&rsquo;normal&rsquo; position=&rsquo;left&rsquo; color=&rsquo;#cccccc&rsquo; thickness=&rsquo;1&prime; up=&rsquo;10&rsquo; down=&rsquo;10&rsquo;]<\/p>\n<p>\u00c9tudes pr\u00e9alables.<\/p>\n<p>[vc_separator type=&rsquo;normal&rsquo; position=&rsquo;left&rsquo; color=&rsquo;#cccccc&rsquo; thickness=&rsquo;1&prime; up=&rsquo;10&rsquo; down=&rsquo;10&rsquo;]<\/p>\n<p>Cr\u00e9ation de projets de territoire.<\/p>\n<p>[vc_separator type=&rsquo;normal&rsquo; position=&rsquo;left&rsquo; color=&rsquo;#cccccc&rsquo; thickness=&rsquo;1&prime; up=&rsquo;10&rsquo; down=&rsquo;10&rsquo;]<\/p>\n<p>Aspects transversaux des politiques publiques.<\/p>\n<p>[vc_separator type=&rsquo;normal&rsquo; position=&rsquo;left&rsquo; color=&rsquo;#cccccc&rsquo; thickness=&rsquo;1&prime; up=&rsquo;10&rsquo; down=&rsquo;10&rsquo;]<\/p>\n<p>Anticipation des probl\u00e8mes de mise en oeuvre.<\/p>\n<p>[vc_separator type=&rsquo;normal&rsquo; position=&rsquo;left&rsquo; color=&rsquo;#cccccc&rsquo; thickness=&rsquo;1&prime; up=&rsquo;10&rsquo; down=&rsquo;10&rsquo;]<\/p>\n<p>Incidences, externalit\u00e9s, acteurs bloquant.<\/p>\n<p>[vc_separator type=&rsquo;normal&rsquo; position=&rsquo;left&rsquo; color=&rsquo;#cccccc&rsquo; thickness=&rsquo;1&prime; up=&rsquo;10&rsquo; down=&rsquo;10&rsquo;]<\/p>\n<p>Strat\u00e9gie op\u00e9rationnelle.<\/p>\n<p>[vc_separator type=&rsquo;normal&rsquo; position=&rsquo;left&rsquo; color=&rsquo;#cccccc&rsquo; thickness=&rsquo;1&prime; up=&rsquo;10&rsquo; down=&rsquo;10&rsquo;]<\/p>\n<p>Processus de mise en oeuvre et d\u2019accompagnement.<\/p>\n<p>[vc_separator type=&rsquo;normal&rsquo; position=&rsquo;left&rsquo; color=&rsquo;#cccccc&rsquo; thickness=&rsquo;1&prime; up=&rsquo;10&rsquo; down=&rsquo;10&rsquo;]<\/p>\n<p>Pilotage de mise en oeuvre.<\/p>\n<p>[vc_separator type=&rsquo;normal&rsquo; position=&rsquo;left&rsquo; color=&rsquo;#cccccc&rsquo; thickness=&rsquo;1&prime; up=&rsquo;10&rsquo; down=&rsquo;10&rsquo;]<\/p>\n<p>Aspects organisationnels et manag\u00e9riaux.<\/p>\n<p>[vc_separator type=&rsquo;normal&rsquo; position=&rsquo;left&rsquo; color=&rsquo;#cccccc&rsquo; thickness=&rsquo;1&prime; up=&rsquo;10&rsquo; down=&rsquo;10&rsquo;]<\/p>\n<p>Communication politique autour de l\u2019action publique.<\/p>\n<p>[vc_separator type=&rsquo;normal&rsquo; position=&rsquo;left&rsquo; color=&rsquo;#cccccc&rsquo; thickness=&rsquo;1&prime; up=&rsquo;10&rsquo; down=&rsquo;10&rsquo;]<\/p>\n<p>\u00c9valuation de politiques publiques.<\/p>\n<p>[vc_separator type=&rsquo;normal&rsquo; position=&rsquo;left&rsquo; color=&rsquo;#cccccc&rsquo; thickness=&rsquo;1&prime; up=&rsquo;10&rsquo; down=&rsquo;10&rsquo;][\/vc_column_text][\/vc_accordion_tab][vc_accordion_tab title=\u00a0\u00bbPERFORMANCE DE L\u2019ACTION PUBLIQUE\u00a0\u00bb title_color=\u00a0\u00bb#404040&Prime; title_tag=\u00a0\u00bbh4&Prime;][vc_column_text][vc_separator type=&rsquo;normal&rsquo; position=&rsquo;left&rsquo; color=&rsquo;#cccccc&rsquo; thickness=&rsquo;1&prime; up=&rsquo;10&rsquo; down=&rsquo;10&rsquo;]<\/p>\n<p>Mettre en oeuvre une loi ou un d\u00e9cret, un projet dans l\u2019esprit et la lettre.<\/p>\n<p>[vc_separator type=&rsquo;normal&rsquo; position=&rsquo;left&rsquo; color=&rsquo;#cccccc&rsquo; thickness=&rsquo;1&prime; up=&rsquo;10&rsquo; down=&rsquo;10&rsquo;]<\/p>\n<p>D\u00e9terminer les parties prenantes et externalit\u00e9s.<\/p>\n<p>[vc_separator type=&rsquo;normal&rsquo; position=&rsquo;left&rsquo; color=&rsquo;#cccccc&rsquo; thickness=&rsquo;1&prime; up=&rsquo;10&rsquo; down=&rsquo;10&rsquo;]<\/p>\n<p>Anticiper les probl\u00e8mes de mise en oeuvre.<\/p>\n<p>[vc_separator type=&rsquo;normal&rsquo; position=&rsquo;left&rsquo; color=&rsquo;#cccccc&rsquo; thickness=&rsquo;1&prime; up=&rsquo;10&rsquo; down=&rsquo;10&rsquo;]<\/p>\n<p>D\u00e9terminer les processus de mise en oeuvre.<\/p>\n<p>[vc_separator type=&rsquo;normal&rsquo; position=&rsquo;left&rsquo; color=&rsquo;#cccccc&rsquo; thickness=&rsquo;1&prime; up=&rsquo;10&rsquo; down=&rsquo;10&rsquo;]<\/p>\n<p>Impliquer les parties prenantes.<\/p>\n<p>[vc_separator type=&rsquo;normal&rsquo; position=&rsquo;left&rsquo; color=&rsquo;#cccccc&rsquo; thickness=&rsquo;1&prime; up=&rsquo;10&rsquo; down=&rsquo;10&rsquo;]<\/p>\n<p>Piloter la mise en oeuvre.<\/p>\n<p>[vc_separator type=&rsquo;normal&rsquo; position=&rsquo;left&rsquo; color=&rsquo;#cccccc&rsquo; thickness=&rsquo;1&prime; up=&rsquo;10&rsquo; down=&rsquo;10&rsquo;]<\/p>\n<p>Former et accompagner.<\/p>\n<p>[vc_separator type=&rsquo;normal&rsquo; position=&rsquo;left&rsquo; color=&rsquo;#cccccc&rsquo; thickness=&rsquo;1&prime; up=&rsquo;10&rsquo; down=&rsquo;10&rsquo;]<\/p>\n<p>Piloter un processus d\u2019\u00e9valuation et d\u2019adaptation.<\/p>\n<p>[vc_separator type=&rsquo;normal&rsquo; position=&rsquo;left&rsquo; color=&rsquo;#cccccc&rsquo; thickness=&rsquo;1&prime; up=&rsquo;10&rsquo; down=&rsquo;10&rsquo;]<\/p>\n<p>Cr\u00e9er un processus d\u2019apprentissage, des r\u00e9seaux d\u2019acteurs facilitant.<\/p>\n<p>[vc_separator type=&rsquo;normal&rsquo; position=&rsquo;left&rsquo; color=&rsquo;#cccccc&rsquo; thickness=&rsquo;1&prime; up=&rsquo;10&rsquo; down=&rsquo;10&rsquo;][\/vc_column_text][\/vc_accordion_tab][vc_accordion_tab title=\u00a0\u00bbCOMMUNICATION DE L&rsquo;ACTION PUBLIQUE\u00a0\u00bb title_color=\u00a0\u00bb#404040&Prime; title_tag=\u00a0\u00bbh4&Prime;][vc_column_text][vc_separator type=&rsquo;normal&rsquo; position=&rsquo;left&rsquo; color=&rsquo;#cccccc&rsquo; thickness=&rsquo;1&prime; up=&rsquo;10&rsquo; down=&rsquo;10&rsquo;]<\/p>\n<p>Compr\u00e9hension des ressorts de l\u2019opinion publique et de la psychologie sociale.<\/p>\n<p>[vc_separator type=&rsquo;normal&rsquo; position=&rsquo;left&rsquo; color=&rsquo;#cccccc&rsquo; thickness=&rsquo;1&prime; up=&rsquo;10&rsquo; down=&rsquo;10&rsquo;]<\/p>\n<p>Strat\u00e9gie de communication.<\/p>\n<p>[vc_separator type=&rsquo;normal&rsquo; position=&rsquo;left&rsquo; color=&rsquo;#cccccc&rsquo; thickness=&rsquo;1&prime; up=&rsquo;10&rsquo; down=&rsquo;10&rsquo;]<\/p>\n<p>Communication cibl\u00e9e (axes, parties prenantes) et impactante.<\/p>\n<p>[vc_separator type=&rsquo;normal&rsquo; position=&rsquo;left&rsquo; color=&rsquo;#cccccc&rsquo; thickness=&rsquo;1&prime; up=&rsquo;10&rsquo; down=&rsquo;10&rsquo;]<\/p>\n<p>Valeurs et objectifs.<\/p>\n<p>[vc_separator type=&rsquo;normal&rsquo; position=&rsquo;left&rsquo; color=&rsquo;#cccccc&rsquo; thickness=&rsquo;1&prime; up=&rsquo;10&rsquo; down=&rsquo;10&rsquo;]<\/p>\n<p>Communication personnelle (\u00e9lus, ministres, \u2026).<\/p>\n<p>[vc_separator type=&rsquo;normal&rsquo; position=&rsquo;left&rsquo; color=&rsquo;#cccccc&rsquo; thickness=&rsquo;1&prime; up=&rsquo;10&rsquo; down=&rsquo;10&rsquo;]<\/p>\n<p>Plan m\u00e9dia et plan presse.<\/p>\n<p>[vc_separator type=&rsquo;normal&rsquo; position=&rsquo;left&rsquo; color=&rsquo;#cccccc&rsquo; thickness=&rsquo;1&prime; up=&rsquo;10&rsquo; down=&rsquo;10&rsquo;]<\/p>\n<p>Relation Publiques, relations presses.<\/p>\n<p>[vc_separator type=&rsquo;normal&rsquo; position=&rsquo;left&rsquo; color=&rsquo;#cccccc&rsquo; thickness=&rsquo;1&prime; up=&rsquo;10&rsquo; down=&rsquo;10&rsquo;]<\/p>\n<p>\u00c9v\u00e9nementiel.<\/p>\n<p>[vc_separator type=&rsquo;normal&rsquo; position=&rsquo;left&rsquo; color=&rsquo;#cccccc&rsquo; thickness=&rsquo;1&prime; up=&rsquo;10&rsquo; down=&rsquo;10&rsquo;]<\/p>\n<p>Syst\u00e8me de veille r\u00e9active. Suivi de l\u2019e-r\u00e9putation.<\/p>\n<p>[vc_separator type=&rsquo;normal&rsquo; position=&rsquo;left&rsquo; color=&rsquo;#cccccc&rsquo; thickness=&rsquo;1&prime; up=&rsquo;10&rsquo; down=&rsquo;10&rsquo;]<\/p>\n<p>[\/vc_column_text][\/vc_accordion_tab][\/vc_accordion][vc_separator color=\u00a0\u00bb#404040&Prime; thickness=\u00a0\u00bb10&Prime; up=\u00a0\u00bb20&Prime;][\/vc_column][\/vc_row]<\/p>\n","protected":false},"excerpt":{"rendered":"<p>[vc_row type=\u00a0\u00bbgrid\u00a0\u00bb background_color=\u00a0\u00bb#ffffff\u00a0\u00bb][vc_column][vc_row_inner type=\u00a0\u00bbgrid\u00a0\u00bb css=\u00a0\u00bb.vc_custom_1422878881973{padding-top: 50px !important;padding-bottom: 50px !important;}\u00a0\u00bb][vc_column_inner][vc_column_text] AGENCE DE R\u00c9FLEXION \/ BE ONE AKT [\/vc_column_text][vc_separator color=\u00a0\u00bb#404040&Prime; thickness=\u00a0\u00bb10&Prime; up=\u00a0\u00bb15&Prime;][\/vc_column_inner][\/vc_row_inner][\/vc_column][\/vc_row][vc_row type=\u00a0\u00bbgrid\u00a0\u00bb padding_top=\u00a0\u00bb80&Prime; padding_bottom=\u00a0\u00bb80&Prime;][vc_column width=\u00a0\u00bb1\/3&Prime;][vc_separator type=\u00a0\u00bbtransparent\u00a0\u00bb thickness=\u00a0\u00bb60&Prime;][vc_column_text] NOS OFFRES [\/vc_column_text][vc_separator color=\u00a0\u00bb#404040&Prime;&#8230;<\/p>\n","protected":false},"author":3,"featured_media":0,"parent":109,"menu_order":0,"comment_status":"open","ping_status":"open","template":"full_width.php","meta":[],"_links":{"self":[{"href":"https:\/\/b1-akt.com\/FR\/wp-json\/wp\/v2\/pages\/681"}],"collection":[{"href":"https:\/\/b1-akt.com\/FR\/wp-json\/wp\/v2\/pages"}],"about":[{"href":"https:\/\/b1-akt.com\/FR\/wp-json\/wp\/v2\/types\/page"}],"author":[{"embeddable":true,"href":"https:\/\/b1-akt.com\/FR\/wp-json\/wp\/v2\/users\/3"}],"replies":[{"embeddable":true,"href":"https:\/\/b1-akt.com\/FR\/wp-json\/wp\/v2\/comments?post=681"}],"version-history":[{"count":26,"href":"https:\/\/b1-akt.com\/FR\/wp-json\/wp\/v2\/pages\/681\/revisions"}],"predecessor-version":[{"id":11466,"href":"https:\/\/b1-akt.com\/FR\/wp-json\/wp\/v2\/pages\/681\/revisions\/11466"}],"up":[{"embeddable":true,"href":"https:\/\/b1-akt.com\/FR\/wp-json\/wp\/v2\/pages\/109"}],"wp:attachment":[{"href":"https:\/\/b1-akt.com\/FR\/wp-json\/wp\/v2\/media?parent=681"}],"curies":[{"name":"wp","href":"https:\/\/api.w.org\/{rel}","templated":true}]}}