{"id":813,"date":"2015-01-22T10:13:08","date_gmt":"2015-01-22T10:13:08","guid":{"rendered":"http:\/\/florentnicolas.fr\/B1-AKT\/?page_id=811"},"modified":"2024-08-16T16:31:27","modified_gmt":"2024-08-16T15:31:27","slug":"coaching-evolution","status":"publish","type":"page","link":"https:\/\/b1-akt.com\/FR\/institut-de-formation\/coaching-evolution\/","title":{"rendered":"COACHING EVOLUTION"},"content":{"rendered":"<p>[vc_row type=\u00a0\u00bbgrid\u00a0\u00bb background_color=\u00a0\u00bb#ffffff\u00a0\u00bb][vc_column][vc_row_inner type=\u00a0\u00bbgrid\u00a0\u00bb css=\u00a0\u00bb.vc_custom_1422879068887{padding-top: 50px !important;padding-bottom: 50px !important;}\u00a0\u00bb][vc_column_inner][vc_column_text]<\/p>\n<h2 style=\"color: #00cccc;\">INSTITUT DE FORMATION<\/h2>\n<h1>\/ AKT AS ONE<\/h1>\n<p>[\/vc_column_text][vc_separator color=\u00a0\u00bb#404040&Prime; thickness=\u00a0\u00bb10&Prime; up=\u00a0\u00bb15&Prime;][\/vc_column_inner][\/vc_row_inner][\/vc_column][\/vc_row][vc_row type=\u00a0\u00bbgrid\u00a0\u00bb padding_top=\u00a0\u00bb80&Prime; padding_bottom=\u00a0\u00bb80&Prime;][vc_column width=\u00a0\u00bb1\/3&Prime;][vc_separator type=\u00a0\u00bbtransparent\u00a0\u00bb thickness=\u00a0\u00bb100&Prime;][vc_column_text]<\/p>\n<h1 style=\"font-size: 20px; letter-spacing: 1px;\">NOS OFFRES<\/h1>\n<p>[\/vc_column_text][vc_separator color=\u00a0\u00bb#00cccc\u00a0\u00bb thickness=\u00a0\u00bb10&Prime; up=\u00a0\u00bb10&Prime; down=\u00a0\u00bb10&Prime;][vc_column_text]<\/p>\n<p><a style=\"font-size: 12px; font-weight: 500; letter-spacing: 1px; color: #00cccc;\" title=\"COACHING EVOLUTION\" href=\"https:\/\/b1-akt.com\/FR\/institut-de-formation\/coaching-evolution\/\">COACHING EVOLUTION<\/a>[\/vc_column_text][vc_separator color=\u00a0\u00bb#cccccc\u00a0\u00bb thickness=\u00a0\u00bb1&Prime; up=\u00a0\u00bb10&Prime; down=\u00a0\u00bb10&Prime;][vc_column_text]<\/p>\n<p>RESOUDRE DES CONFLITS[vc_column_text][vc_separator color=\u00a0\u00bb#cccccc\u00a0\u00bb thickness=\u00a0\u00bb1&Prime; up=\u00a0\u00bb10&Prime; down=\u00a0\u00bb10&Prime;][vc_column_text]<\/p>\n<p>MIEUX COMMUNIQUER AVEC SES EQUIPES[\/vc_column_text][vc_separator color=\u00a0\u00bb#cccccc\u00a0\u00bb thickness=\u00a0\u00bb1&Prime; up=\u00a0\u00bb10&Prime; down=\u00a0\u00bb10&Prime;][vc_column_text]<\/p>\n<p>DEVENIR LEADER[\/vc_column_text][vc_separator color=\u00a0\u00bb#cccccc\u00a0\u00bb thickness=\u00a0\u00bb1&Prime; up=\u00a0\u00bb10&Prime; down=\u00a0\u00bb10&Prime;][vc_column_text]<\/p>\n<p>ACCOMPAGNEMENT A LA CREATION D&rsquo;ENTREPRISE [\/vc_column_text][vc_separator color=\u00a0\u00bb#cccccc\u00a0\u00bb thickness=\u00a0\u00bb1&Prime; up=\u00a0\u00bb10&Prime; down=\u00a0\u00bb10&Prime;][vc_column_text]<\/p>\n<p>ALLER DE L&rsquo;AVANT[\/vc_column_text][vc_separator color=\u00a0\u00bb#cccccc\u00a0\u00bb thickness=\u00a0\u00bb1&Prime; up=\u00a0\u00bb10&Prime; down=\u00a0\u00bb10&Prime;][vc_column_text]<\/p>\n<p>PRENDRE SOIN DE MOI [\/vc_column_text][vc_separator color=\u00a0\u00bb#cccccc\u00a0\u00bb thickness=\u00a0\u00bb1&Prime; up=\u00a0\u00bb10&Prime; down=\u00a0\u00bb10&Prime;][vc_column_text]<\/p>\n<p>APPRENDRE A S&rsquo;ORGANISER[\/vc_column_text][vc_separator color=\u00a0\u00bb#cccccc\u00a0\u00bb thickness=\u00a0\u00bb1&Prime; up=\u00a0\u00bb10&Prime; down=\u00a0\u00bb10&Prime;][vc_column_text]<\/p>\n<p>GERER SON TEMPS[\/vc_column_text][vc_separator color=\u00a0\u00bb#00cccc\u00a0\u00bb thickness=\u00a0\u00bb10&Prime; up=\u00a0\u00bb30&Prime; down=\u00a0\u00bb30&Prime;][vc_column_text]<\/p>\n<h4><a href=\"https:\/\/b1-akt.com\/FR\/contact-2\/\" target=\"_blank\" rel=\"noopener\">Nous contacter&nbsp;<\/a><\/h4>\n<p>[\/vc_column_text][vc_separator color=\u00a0\u00bb#00cccc\u00a0\u00bb thickness=\u00a0\u00bb10&Prime; up=\u00a0\u00bb30&Prime; down=\u00a0\u00bb30&Prime;][vc_column_text]<\/p>\n<h4><a href=\"https:\/\/b1-akt.com\/FR\/wp-content\/uploads\/2024\/08\/2024-08-16-Entreprise-sensible-coaching-B1-AKT.pdf\" target=\"_blank\" rel=\"noopener\">Catalogue coaching&nbsp;<\/a><\/h4>\n<p>[vc_separator color=\u00a0\u00bb#00cccc\u00a0\u00bb thickness=\u00a0\u00bb10&Prime; up=\u00a0\u00bb30&Prime;][\/vc_column][vc_column width=\u00a0\u00bb2\/3&Prime;][vc_column_text]<\/p>\n<h1>COACHING \/ EVOLUTION<\/h1>\n<p>[\/vc_column_text][vc_separator color=\u00a0\u00bb#00cccc\u00a0\u00bb thickness=\u00a0\u00bb10&Prime; up=\u00a0\u00bb20&Prime; down=\u00a0\u00bb30&Prime;][vc_column_text]<\/p>\n<h4>UN COACHING POUR QUOI ?<\/h4>\n<p>[vc_separator type=&rsquo;normal&rsquo; position=&rsquo;left&rsquo; color=&rsquo;#cccccc&rsquo; thickness=&rsquo;1&prime; up=&rsquo;10&rsquo; down=&rsquo;20&rsquo;]<\/p>\n<p>Le coaching \u00e9volution s&rsquo;adresse aux dirigeant.e.s d&rsquo;entreprises, entrepreneur.e.s, membres de COMEX et CODIR, hommes et femmes politiques, mais \u00e9galement \u00e0 tous ceux qui s&rsquo;interrogent sur leur devenir,&nbsp; veulent se r\u00e9aliser professionnellement et personnellement,&nbsp; r\u00e9aliser des projets, trouver de l&rsquo;aide pour surmonter des difficult\u00e9s ou prendre leur vie en main.<\/p>\n<p>[vc_separator type=&rsquo;normal&rsquo; position=&rsquo;left&rsquo; color=&rsquo;#cccccc&rsquo; thickness=&rsquo;1&prime; up=&rsquo;10&rsquo; down=&rsquo;20&rsquo;]<\/p>\n<h4>UN COACH POUR MOI<\/h4>\n<p>[vc_separator type=&rsquo;normal&rsquo; position=&rsquo;left&rsquo; color=&rsquo;#cccccc&rsquo; thickness=&rsquo;1&prime; up=&rsquo;10&rsquo; down=&rsquo;20&rsquo;]<\/p>\n<p>Nos coachs sont psychologues, ma\u00efeuticiens ou praticiens neuro-comportementaux, experts en coaching int\u00e9gral, transpersonnel et g\u00e9n\u00e9ratif (oui on vous expliquera en quoi cela consiste ;-). Ils accompagnement l\u2019\u00e9volution personnelle, professionnelle, g\u00e9n\u00e9rale. Ils am\u00e8nent le participant \u00e0 prendre les d\u00e9cisions les plus adapt\u00e9es au contexte, aux besoins. Ils participent \u00e0 renforcer la confiance, lever les blocages et permettent de trouver alignement et justesse. Notre coaching est strictement confidentiel et bien s\u00fbr bienveillant.<\/p>\n<p>&nbsp;<\/p>\n<ul>\n<li> Optimisez votre potentiel gr\u00e2ce \u00e0 un coaching sp\u00e9cialis\u00e9 qui vous connecte \u00e0 votre \u00e9nergie v\u00e9ritable, \u00e0 vos valeurs profondes, et votre intuition.<\/li>\n<li> Nos programmes de coaching, r\u00e9partis en sept grandes cat\u00e9gories, sont con\u00e7us pour vous aider \u00e0 surmonter les blocages, lib\u00e9rer votre potentiel, renforcer votre confiance et affiner votre influence dans une soci\u00e9t\u00e9 en constante \u00e9volution. <\/li>\n<li> Que vous soyez un cr\u00e9atif, un leader, un professionnel, un sportif ou simplement en qu\u00eate de sens, nous vous offrons un accompagnement sur mesure pour devenir le meilleur de vous-m\u00eame, r\u00e9aliser vos r\u00eaves et atteindre vos objectifs personnels et professionnels. <\/li>\n<\/ul>\n<p>&nbsp;<\/p>\n<p>[\/vc_column_text][vc_separator color=\u00a0\u00bb#00cccc\u00a0\u00bb thickness=\u00a0\u00bb10&Prime; up=\u00a0\u00bb30&Prime; down=\u00a0\u00bb20&Prime;][vc_row_inner][vc_column_inner][vc_column_text]<\/p>\n<h1 style=\"font-size: 20px; letter-spacing: 1px;\">NOS 7 GRANDS PROGRAMMES DE COACHING<\/h1>\n<p>[\/vc_column_text][vc_separator color=\u00a0\u00bb#404040&Prime; thickness=\u00a0\u00bb1&Prime; up=\u00a0\u00bb10&Prime; down=\u00a0\u00bb10&Prime;][vc_column_text]<\/p>\n<p><\/p>\n<p>Chacune de ces cat\u00e9gories vous offre des outils, des strat\u00e9gies et un accompagnement sur mesure pour vous permettre de devenir la meilleure version de vous-m\u00eame, en transformant vos ambitions en r\u00e9alit\u00e9s tangibles.<\/p>\n<p>[\/vc_column_text][vc_separator color=\u00a0\u00bb#404040&Prime; thickness=\u00a0\u00bb1&Prime; up=\u00a0\u00bb10&Prime; down=\u00a0\u00bb10&Prime;][vc_column_text]<\/p>\n<p><\/p>\n<h1 style=\"font-size: 16px; letter-spacing: 1px; color: #fd5600;\"> 1. Coaching leadership et management :<\/h1>\n<p> Renforcez votre influence, adaptez votre style de leadership et guidez votre entreprise vers un succ\u00e8s durable avec une posture de leader agile et visionnaire.<\/p>\n<p>[\/vc_column_text][vc_separator color=\u00a0\u00bb#404040&Prime; thickness=\u00a0\u00bb1&Prime; up=\u00a0\u00bb10&Prime; down=\u00a0\u00bb10&Prime;][vc_column_text]<\/p>\n<h1 style=\"font-size: 16px; letter-spacing: 1px; color: #fd5600;\"> 2. Coaching de transition et \u00e9volution professionnelle : <\/h1>\n<p>R\u00e9inventez votre carri\u00e8re, r\u00e9alignez vos ambitions et transformez les moments cl\u00e9s de votre vie professionnelle en opportunit\u00e9s de croissance.<\/p>\n<p>[\/vc_column_text][vc_separator color=\u00a0\u00bb#404040&Prime; thickness=\u00a0\u00bb1&Prime; up=\u00a0\u00bb10&Prime; down=\u00a0\u00bb10&Prime;][vc_column_text]<\/p>\n<h1 style=\"font-size: 16px; letter-spacing: 1px; color: #fd5600;\"> 3. Coaching bien-\u00eatre, \u00e9quilibre et r\u00e9silience : <\/h1>\n<p>Trouvez l&rsquo;harmonie entre votre vie personnelle et professionnelle, d\u00e9veloppez une r\u00e9silience solide et optimisez votre bien-\u00eatre pour un \u00e9panouissement complet.<\/p>\n<p>[\/vc_column_text][vc_separator color=\u00a0\u00bb#404040&Prime; thickness=\u00a0\u00bb1&Prime; up=\u00a0\u00bb10&Prime; down=\u00a0\u00bb10&Prime;][vc_column_text]<\/p>\n<h1 style=\"font-size: 16px; letter-spacing: 1px; color: #fd5600;\"> 4. Coaching cr\u00e9ativit\u00e9 et expression artistique : <\/h1>\n<p>Lib\u00e9rez votre potentiel cr\u00e9atif, surmontez les blocages artistiques et r\u00e9alisez des projets qui r\u00e9sonnent profond\u00e9ment, tout en affirmant votre voix unique.<\/p>\n<p>[\/vc_column_text][vc_separator color=\u00a0\u00bb#404040&Prime; thickness=\u00a0\u00bb1&Prime; up=\u00a0\u00bb10&Prime; down=\u00a0\u00bb10&Prime;][vc_column_text]<\/p>\n<h1 style=\"font-size: 16px; letter-spacing: 1px; color: #fd5600;\"> 5. Coaching strat\u00e9gique, politique et d\u2019influence :<\/h1>\n<p> Affinez votre strat\u00e9gie, renforcez votre pr\u00e9sence et jouez un r\u00f4le cl\u00e9 dans les d\u00e9cisions strat\u00e9giques, en devenant un leader d&rsquo;impact et d&rsquo;influence.<\/p>\n<p>[\/vc_column_text][vc_separator color=\u00a0\u00bb#404040&Prime; thickness=\u00a0\u00bb1&Prime; up=\u00a0\u00bb10&Prime; down=\u00a0\u00bb10&Prime;][vc_column_text]<\/p>\n<h1 style=\"font-size: 16px; letter-spacing: 1px; color: #fd5600;\"> 6. Coaching communication, assertivit\u00e9 et gestion de conflits : <\/h1>\n<p> Am\u00e9liorez vos comp\u00e9tences en communication, et en gestion des \u00e9motions. D\u00e9veloppez votre assertivit\u00e9 et g\u00e9rez efficacement les conflits pour des relations professionnelles et personnelles harmonieuses.<\/p>\n<p>[\/vc_column_text][vc_separator color=\u00a0\u00bb#404040&Prime; thickness=\u00a0\u00bb1&Prime; up=\u00a0\u00bb10&Prime; down=\u00a0\u00bb10&Prime;][vc_column_text]<\/p>\n<h1 style=\"font-size: 16px; letter-spacing: 1px; color: #fd5600;\"> 7. Coaching de projets : r\u00e9alisation et d\u00e9veloppement de projets ou cr\u00e9ation d\u2019entreprise. <\/h1>\n<p> Concr\u00e9tisez et d\u00e9veloppez vos projets entrepreneuriaux, associatifs ou culturels, en surmontant les obstacles et en assurant leur p\u00e9rennit\u00e9 et succ\u00e8s.<\/p>\n<p>[\/vc_column_text][vc_separator color=\u00a0\u00bb#404040&Prime; thickness=\u00a0\u00bb1&Prime; up=\u00a0\u00bb10&Prime; down=\u00a0\u00bb30&Prime;][vc_column_text]<\/p>\n<h4 style=\"text-align: left;\"><a href=\"https:\/\/b1-akt.com\/FR\/wp-content\/uploads\/2024\/08\/2024-08-16-Entreprise-sensible-coaching-B1-AKT.pdf\" target=\"_blank\" rel=\"noopener noreferrer\"> TROUVEZ VOTRE COACHING DANS NOTRE CATALOGUE : ICI &nbsp; &nbsp;&nbsp;<\/a><\/h4>\n<p>&nbsp;<\/p>\n<h4>Pour un coaching sp\u00e9cifique hors catalogue,&nbsp;<a style=\"color: #00cccc;\" href=\"https:\/\/b1-akt.com\/FR\/contact-2\/\" target=\"_blank\" rel=\"noopener\">nous contacter<\/a>.<\/h4>\n<p>[\/vc_column_text][vc_separator color=\u00a0\u00bb#00cccc\u00a0\u00bb thickness=\u00a0\u00bb10&Prime; up=\u00a0\u00bb30&Prime; down=\u00a0\u00bb20&Prime;][vc_row_inner][vc_column_inner][vc_column_text]<\/p>\n<h1 style=\"font-size: 20px; letter-spacing: 1px;\">METHODOLOGIE DE COACHING POUR ETRE<\/h1>\n<p>[\/vc_column_text][vc_separator color=\u00a0\u00bb#404040&Prime; thickness=\u00a0\u00bb1&Prime; up=\u00a0\u00bb10&Prime; down=\u00a0\u00bb10&Prime;][vc_column_text]<\/p>\n<p><\/p>\n<h1 style=\"font-size: 16px; letter-spacing: 1px; color: #fd5600;\"> \u00ab E.T.R.E. \u00bb \u00c9voluer, Transformer, R\u00e9aliser, Entreprendre <\/h1>\n<p>La m\u00e9thode de coaching \u00ab E.T.R.E. \u00bb (\u00c9voluer, Transformer, R\u00e9aliser, Entreprendre)  vous permet de lib\u00e9rer votre potentiel en levant les obstacles et en alignant vos actions sur vos valeurs. Elle favorise vos transformations profondes et durables, tout en renfor\u00e7ant connaissance de soi et confiance,  comp\u00e9tences et soft skills, pour vous r\u00e9aliser pleinement dans votre vie.<\/p>\n<p>&nbsp;<\/p>\n<p>Pour cela, une m\u00e9thode int\u00e9grale, qui fusionne des techniques issues du coaching transpersonnel et ma\u00efeutique, de la psychologie transformationnelle, des sciences neuro-comportementales, de l\u2019alchimie et de la philosophie, pour vous permettre d\u2019agir avec puissance sur votre vie et dans le monde.<\/p>\n<p>[\/vc_column_text][vc_separator color=\u00a0\u00bb#404040&Prime; thickness=\u00a0\u00bb10&Prime; up=\u00a0\u00bb30&Prime;][\/vc_column_inner][\/vc_row_inner][\/vc_column][\/vc_row][vc_row type=\u00a0\u00bbgrid\u00a0\u00bb][vc_column][vc_row_inner][vc_column_inner width=\u00a0\u00bb1\/3&Prime;][\/vc_column_inner][vc_column_inner width=\u00a0\u00bb2\/3&Prime;][vc_column_text]<\/p>\n<h1 style=\"font-size: 20px; letter-spacing: 1px; color: #00cccc; line-height: 24px;\">Coaching et accompagnement<br>Entreprises, particuliers et institutions.<\/h1>\n<p>[\/vc_column_text][\/vc_column_inner][\/vc_row_inner][vc_separator color=\u00a0\u00bb#404040&Prime; thickness=\u00a0\u00bb1&Prime; up=\u00a0\u00bb20&Prime; down=\u00a0\u00bb10&Prime;][\/vc_column][\/vc_row][vc_row type=\u00a0\u00bbgrid\u00a0\u00bb][vc_column width=\u00a0\u00bb1\/3&Prime;][vc_row_inner][vc_column_inner][vc_column_text]<\/p>\n<h4>Tarif 1 h<\/h4>\n<p>[\/vc_column_text][\/vc_column_inner][\/vc_row_inner][vc_separator type=\u00a0\u00bbsmall\u00a0\u00bb position=\u00a0\u00bbleft\u00a0\u00bb thickness=\u00a0\u00bb1&Prime; width=\u00a0\u00bb20&Prime; up=\u00a0\u00bb10&Prime; down=\u00a0\u00bb10&Prime;][\/vc_column][vc_column width=\u00a0\u00bb2\/3&Prime;][vc_row_inner][vc_column_inner width=\u00a0\u00bb2\/3&Prime;][vc_column_text]Entretien en face \u00e0 face individuel.[\/vc_column_text][\/vc_column_inner][\/vc_row_inner][\/vc_column][\/vc_row][vc_row type=\u00a0\u00bbgrid\u00a0\u00bb][vc_column][vc_separator color=\u00a0\u00bb#cccccc\u00a0\u00bb thickness=\u00a0\u00bb1&Prime; up=\u00a0\u00bb20&Prime; down=\u00a0\u00bb10&Prime;][\/vc_column][\/vc_row][vc_row type=\u00a0\u00bbgrid\u00a0\u00bb][vc_column width=\u00a0\u00bb1\/3&Prime;][vc_row_inner][vc_column_inner][vc_column_text]<\/p>\n<h4>Forfait \u00ab Faire le point \u00bb<\/h4>\n<p>[\/vc_column_text][vc_separator type=\u00a0\u00bbsmall\u00a0\u00bb position=\u00a0\u00bbleft\u00a0\u00bb thickness=\u00a0\u00bb1&Prime; width=\u00a0\u00bb20&Prime; up=\u00a0\u00bb10&Prime; down=\u00a0\u00bb10&Prime;][\/vc_column_inner][\/vc_row_inner][\/vc_column][vc_column width=\u00a0\u00bb2\/3&Prime;][vc_row_inner][vc_column_inner width=\u00a0\u00bb2\/3&Prime;][vc_column_text]\u00c0 \u00e9taler sur 6 mois.[\/vc_column_text][\/vc_column_inner][\/vc_row_inner][\/vc_column][\/vc_row][vc_row type=\u00a0\u00bbgrid\u00a0\u00bb][vc_column][vc_separator color=\u00a0\u00bb#cccccc\u00a0\u00bb thickness=\u00a0\u00bb1&Prime; up=\u00a0\u00bb20&Prime; down=\u00a0\u00bb10&Prime;][\/vc_column][\/vc_row][vc_row type=\u00a0\u00bbgrid\u00a0\u00bb][vc_column width=\u00a0\u00bb1\/3&Prime;][vc_row_inner][vc_column_inner][vc_column_text]<\/p>\n<h4>Forfait&nbsp;\u00ab tout reprendre en main \u00bb<\/h4>\n<p>[\/vc_column_text][vc_separator type=\u00a0\u00bbsmall\u00a0\u00bb position=\u00a0\u00bbleft\u00a0\u00bb thickness=\u00a0\u00bb1&Prime; width=\u00a0\u00bb20&Prime; up=\u00a0\u00bb10&Prime; down=\u00a0\u00bb10&Prime;][\/vc_column_inner][\/vc_row_inner][\/vc_column][vc_column width=\u00a0\u00bb2\/3&Prime;][vc_row_inner][vc_column_inner width=\u00a0\u00bb2\/3&Prime;][vc_column_text]20 s\u00e9ances d\u20191h \u00e0 \u00e9taler sur 9 mois.[\/vc_column_text][\/vc_column_inner][vc_column_inner width=\u00a0\u00bb1\/3&Prime;][\/vc_column_inner][\/vc_row_inner][\/vc_column][\/vc_row][vc_row type=\u00a0\u00bbgrid\u00a0\u00bb][vc_column][vc_separator color=\u00a0\u00bb#cccccc\u00a0\u00bb thickness=\u00a0\u00bb1&Prime; up=\u00a0\u00bb20&Prime; down=\u00a0\u00bb10&Prime;][\/vc_column][\/vc_row][vc_row type=\u00a0\u00bbgrid\u00a0\u00bb][vc_column width=\u00a0\u00bb1\/3&Prime;][vc_row_inner][vc_column_inner][vc_column_text]<\/p>\n<h4>Forfait \u00ab Reconversion \u00bb<\/h4>\n<p>[\/vc_column_text][vc_separator type=\u00a0\u00bbsmall\u00a0\u00bb position=\u00a0\u00bbleft\u00a0\u00bb thickness=\u00a0\u00bb1&Prime; width=\u00a0\u00bb20&Prime; up=\u00a0\u00bb10&Prime; down=\u00a0\u00bb10&Prime;][\/vc_column_inner][\/vc_row_inner][\/vc_column][vc_column width=\u00a0\u00bb2\/3&Prime;][vc_row_inner][vc_column_inner width=\u00a0\u00bb2\/3&Prime;][vc_column_text]Accompagnement pr\u00e9 et post d\u00e9part : (Possible de 10 \u00e0 40 h).[\/vc_column_text][\/vc_column_inner][vc_column_inner width=\u00a0\u00bb1\/3&Prime;][\/vc_column_inner][\/vc_row_inner][\/vc_column][\/vc_row][vc_row type=\u00a0\u00bbgrid\u00a0\u00bb][vc_column][vc_separator color=\u00a0\u00bb#cccccc\u00a0\u00bb thickness=\u00a0\u00bb1&Prime; up=\u00a0\u00bb20&Prime; down=\u00a0\u00bb10&Prime;][\/vc_column][\/vc_row][vc_row type=\u00a0\u00bbgrid\u00a0\u00bb][vc_column width=\u00a0\u00bb1\/3&Prime;][vc_row_inner][vc_column_inner][vc_column_text]<\/p>\n<h4>Forfait Help !<\/h4>\n<p>[\/vc_column_text][vc_separator type=\u00a0\u00bbsmall\u00a0\u00bb position=\u00a0\u00bbleft\u00a0\u00bb thickness=\u00a0\u00bb1&Prime; width=\u00a0\u00bb20&Prime; up=\u00a0\u00bb10&Prime; down=\u00a0\u00bb10&Prime;][\/vc_column_inner][\/vc_row_inner][\/vc_column][vc_column width=\u00a0\u00bb2\/3&Prime;][vc_row_inner][vc_column_inner width=\u00a0\u00bb2\/3&Prime;][vc_column_text]Aide \u00e0 la d\u00e9cision ponctuelle, recherche de solution, validation de d\u00e9cision :<br>forfait 3 heures (\u00e0 utiliser en demi journ\u00e9e ou en 2 ou 3 fois).[\/vc_column_text][\/vc_column_inner][vc_column_inner width=\u00a0\u00bb1\/3&Prime;][\/vc_column_inner][\/vc_row_inner][\/vc_column][\/vc_row][vc_row type=\u00a0\u00bbgrid\u00a0\u00bb][vc_column][vc_separator color=\u00a0\u00bb#cccccc\u00a0\u00bb thickness=\u00a0\u00bb1&Prime; up=\u00a0\u00bb20&Prime; down=\u00a0\u00bb10&Prime;][\/vc_column][\/vc_row][vc_row type=\u00a0\u00bbgrid\u00a0\u00bb][vc_column width=\u00a0\u00bb1\/3&Prime;][vc_row_inner][vc_column_inner][vc_column_text]<\/p>\n<h4>Forfait \u00ab Pro \u00bb<\/h4>\n<p>[\/vc_column_text][vc_separator type=\u00a0\u00bbsmall\u00a0\u00bb position=\u00a0\u00bbleft\u00a0\u00bb thickness=\u00a0\u00bb1&Prime; width=\u00a0\u00bb20&Prime; up=\u00a0\u00bb10&Prime; down=\u00a0\u00bb10&Prime;][\/vc_column_inner][\/vc_row_inner][\/vc_column][vc_column width=\u00a0\u00bb2\/3&Prime;][vc_row_inner][vc_column_inner width=\u00a0\u00bb2\/3&Prime;][vc_column_text]20 s\u00e9ances d\u2019 1 heure \u00e0 \u00e9taler sur 12 mois.[\/vc_column_text][\/vc_column_inner][\/vc_row_inner][\/vc_column][\/vc_row][vc_row type=\u00a0\u00bbgrid\u00a0\u00bb][vc_column][vc_separator color=\u00a0\u00bb#cccccc\u00a0\u00bb thickness=\u00a0\u00bb1&Prime; up=\u00a0\u00bb20&Prime; down=\u00a0\u00bb10&Prime;][\/vc_column][\/vc_row][vc_row type=\u00a0\u00bbgrid\u00a0\u00bb][vc_column width=\u00a0\u00bb1\/3&Prime;][vc_row_inner][vc_column_inner][vc_column_text]<\/p>\n<h4>Forfait \u00ab Pro Blend \u00bb<\/h4>\n<p>[\/vc_column_text][vc_separator type=\u00a0\u00bbsmall\u00a0\u00bb position=\u00a0\u00bbleft\u00a0\u00bb thickness=\u00a0\u00bb1&Prime; width=\u00a0\u00bb20&Prime; up=\u00a0\u00bb10&Prime; down=\u00a0\u00bb10&Prime;][\/vc_column_inner][\/vc_row_inner][\/vc_column][vc_column width=\u00a0\u00bb2\/3&Prime;][vc_row_inner][vc_column_inner width=\u00a0\u00bb2\/3&Prime;][vc_column_text]Accompagnement en face \u00e0 face et par t\u00e9l\u00e9phone.[\/vc_column_text][\/vc_column_inner][\/vc_row_inner][\/vc_column][\/vc_row][vc_row type=\u00a0\u00bbgrid\u00a0\u00bb][vc_column][vc_separator color=\u00a0\u00bb#cccccc\u00a0\u00bb thickness=\u00a0\u00bb1&Prime; up=\u00a0\u00bb20&Prime; down=\u00a0\u00bb10&Prime;][\/vc_column][\/vc_row][vc_row type=\u00a0\u00bbgrid\u00a0\u00bb][vc_column width=\u00a0\u00bb1\/3&Prime;][vc_row_inner][vc_column_inner][vc_column_text]<\/p>\n<h4>Forfait \u00ab Brainstorming intensif \u00bb<\/h4>\n<p>[\/vc_column_text][vc_separator type=\u00a0\u00bbsmall\u00a0\u00bb position=\u00a0\u00bbleft\u00a0\u00bb thickness=\u00a0\u00bb1&Prime; width=\u00a0\u00bb20&Prime; up=\u00a0\u00bb10&Prime; down=\u00a0\u00bb10&Prime;][\/vc_column_inner][\/vc_row_inner][\/vc_column][vc_column width=\u00a0\u00bb2\/3&Prime;][vc_row_inner][vc_column_inner width=\u00a0\u00bb2\/3&Prime;][vc_column_text]Par s\u00e9ances de 4h cons\u00e9cutives.[\/vc_column_text][\/vc_column_inner][vc_column_inner width=\u00a0\u00bb1\/3&Prime;][\/vc_column_inner][\/vc_row_inner][\/vc_column][\/vc_row][vc_row type=\u00a0\u00bbgrid\u00a0\u00bb][vc_column][vc_separator color=\u00a0\u00bb#cccccc\u00a0\u00bb thickness=\u00a0\u00bb1&Prime; up=\u00a0\u00bb20&Prime; down=\u00a0\u00bb10&Prime;][\/vc_column][\/vc_row][vc_row type=\u00a0\u00bbgrid\u00a0\u00bb][vc_column width=\u00a0\u00bb1\/3&Prime;][vc_row_inner][vc_column_inner][vc_column_text]<\/p>\n<h4>Missions externalis\u00e9es<\/h4>\n<p>[\/vc_column_text][vc_separator type=\u00a0\u00bbsmall\u00a0\u00bb position=\u00a0\u00bbleft\u00a0\u00bb thickness=\u00a0\u00bb1&Prime; width=\u00a0\u00bb20&Prime; up=\u00a0\u00bb10&Prime; down=\u00a0\u00bb10&Prime;][\/vc_column_inner][\/vc_row_inner][\/vc_column][vc_column width=\u00a0\u00bb2\/3&Prime;][vc_row_inner][vc_column_inner width=\u00a0\u00bb2\/3&Prime;][vc_column_text]Devis sur demandes. Tarifs adapt\u00e9s \u00e0 la mission.[\/vc_column_text][\/vc_column_inner][vc_column_inner width=\u00a0\u00bb1\/3&Prime;][\/vc_column_inner][\/vc_row_inner][\/vc_column][\/vc_row][vc_row type=\u00a0\u00bbgrid\u00a0\u00bb][vc_column][vc_separator color=\u00a0\u00bb#cccccc\u00a0\u00bb thickness=\u00a0\u00bb1&Prime; up=\u00a0\u00bb20&Prime; down=\u00a0\u00bb10&Prime;][\/vc_column][\/vc_row][vc_row type=\u00a0\u00bbgrid\u00a0\u00bb][vc_column width=\u00a0\u00bb1\/3&Prime;][vc_row_inner][vc_column_inner][vc_column_text]<\/p>\n<h4>Forfait accompagnement<br>cr\u00e9ateur d\u2019entreprise<\/h4>\n<p>[\/vc_column_text][vc_separator type=\u00a0\u00bbsmall\u00a0\u00bb position=\u00a0\u00bbleft\u00a0\u00bb thickness=\u00a0\u00bb1&Prime; width=\u00a0\u00bb20&Prime; up=\u00a0\u00bb10&Prime; down=\u00a0\u00bb10&Prime;][\/vc_column_inner][\/vc_row_inner][\/vc_column][vc_column width=\u00a0\u00bb2\/3&Prime;][vc_row_inner][vc_column_inner width=\u00a0\u00bb2\/3&Prime;][vc_column_text]3 mois, 10 s\u00e9ances d\u20191h30.[\/vc_column_text][\/vc_column_inner][vc_column_inner width=\u00a0\u00bb1\/3&Prime;][\/vc_column_inner][\/vc_row_inner][vc_separator color=\u00a0\u00bb#cccccc\u00a0\u00bb thickness=\u00a0\u00bb1&Prime; up=\u00a0\u00bb10&Prime; down=\u00a0\u00bb10&Prime;][vc_row_inner][vc_column_inner width=\u00a0\u00bb5\/6&Prime;][vc_column_text]6&nbsp;mois, 20&nbsp;s\u00e9ances d\u20191h30.[\/vc_column_text][\/vc_column_inner][\/vc_row_inner][\/vc_column][\/vc_row][vc_row type=\u00a0\u00bbgrid\u00a0\u00bb][vc_column][vc_separator color=\u00a0\u00bb#cccccc\u00a0\u00bb thickness=\u00a0\u00bb1&Prime; up=\u00a0\u00bb30&Prime; down=\u00a0\u00bb80&Prime;][\/vc_column][\/vc_row][vc_row type=\u00a0\u00bbgrid\u00a0\u00bb][vc_column width=\u00a0\u00bb1\/3&Prime;][vc_row_inner][vc_column_inner][\/vc_column_inner][\/vc_row_inner][\/vc_column][vc_column width=\u00a0\u00bb2\/3&Prime;][vc_row_inner][vc_column_inner][vc_column_text]<\/p>\n<h4>Autres demandes et tarifs,&nbsp;<a style=\"color: #00cccc;\" href=\"https:\/\/b1-akt.com\/FR\/contact-2\/\" target=\"_blank\" rel=\"noopener\">nous contacter<\/a>.<\/h4>\n<p>[vc_separator type=&rsquo;small&rsquo; position=&rsquo;left&rsquo; color=&rsquo;#404040&prime; thickness=&rsquo;1&prime; up=&rsquo;10&rsquo; down=&rsquo;10&rsquo;]Tarifs hors taxes, valables en France m\u00e9tropolitaine. Frais de d\u00e9placement \u00e9ventuels en sus.[\/vc_column_text][\/vc_column_inner][\/vc_row_inner][vc_separator color=\u00a0\u00bb#cccccc\u00a0\u00bb thickness=\u00a0\u00bb1&Prime; up=\u00a0\u00bb30&Prime;][vc_separator color=\u00a0\u00bb#404040&Prime; thickness=\u00a0\u00bb10&Prime; up=\u00a0\u00bb30&Prime; down=\u00a0\u00bb80&Prime;][\/vc_column][\/vc_row]<\/p>\n\n\n<p><\/p>\n","protected":false},"excerpt":{"rendered":"<p>[vc_row type=\u00a0\u00bbgrid\u00a0\u00bb background_color=\u00a0\u00bb#ffffff\u00a0\u00bb][vc_column][vc_row_inner type=\u00a0\u00bbgrid\u00a0\u00bb css=\u00a0\u00bb.vc_custom_1422879068887{padding-top: 50px !important;padding-bottom: 50px !important;}\u00a0\u00bb][vc_column_inner][vc_column_text] INSTITUT DE FORMATION \/ AKT AS ONE [\/vc_column_text][vc_separator color=\u00a0\u00bb#404040&Prime; thickness=\u00a0\u00bb10&Prime; up=\u00a0\u00bb15&Prime;][\/vc_column_inner][\/vc_row_inner][\/vc_column][\/vc_row][vc_row type=\u00a0\u00bbgrid\u00a0\u00bb padding_top=\u00a0\u00bb80&Prime; padding_bottom=\u00a0\u00bb80&Prime;][vc_column width=\u00a0\u00bb1\/3&Prime;][vc_separator type=\u00a0\u00bbtransparent\u00a0\u00bb thickness=\u00a0\u00bb100&Prime;][vc_column_text] NOS OFFRES [\/vc_column_text][vc_separator color=\u00a0\u00bb#00cccc\u00a0\u00bb&#8230;<\/p>\n","protected":false},"author":3,"featured_media":0,"parent":404,"menu_order":0,"comment_status":"open","ping_status":"open","template":"full_width.php","meta":[],"_links":{"self":[{"href":"https:\/\/b1-akt.com\/FR\/wp-json\/wp\/v2\/pages\/813"}],"collection":[{"href":"https:\/\/b1-akt.com\/FR\/wp-json\/wp\/v2\/pages"}],"about":[{"href":"https:\/\/b1-akt.com\/FR\/wp-json\/wp\/v2\/types\/page"}],"author":[{"embeddable":true,"href":"https:\/\/b1-akt.com\/FR\/wp-json\/wp\/v2\/users\/3"}],"replies":[{"embeddable":true,"href":"https:\/\/b1-akt.com\/FR\/wp-json\/wp\/v2\/comments?post=813"}],"version-history":[{"count":49,"href":"https:\/\/b1-akt.com\/FR\/wp-json\/wp\/v2\/pages\/813\/revisions"}],"predecessor-version":[{"id":12787,"href":"https:\/\/b1-akt.com\/FR\/wp-json\/wp\/v2\/pages\/813\/revisions\/12787"}],"up":[{"embeddable":true,"href":"https:\/\/b1-akt.com\/FR\/wp-json\/wp\/v2\/pages\/404"}],"wp:attachment":[{"href":"https:\/\/b1-akt.com\/FR\/wp-json\/wp\/v2\/media?parent=813"}],"curies":[{"name":"wp","href":"https:\/\/api.w.org\/{rel}","templated":true}]}}