{"id":9101,"date":"2015-03-25T08:43:26","date_gmt":"2015-03-25T07:43:26","guid":{"rendered":"http:\/\/b1-akt.com\/?page_id=9101"},"modified":"2024-08-19T22:04:41","modified_gmt":"2024-08-19T21:04:41","slug":"be-com-lab","status":"publish","type":"page","link":"https:\/\/b1-akt.com\/FR\/be-com-lab\/","title":{"rendered":"BE COM LAB"},"content":{"rendered":"<p>[vc_row type=\u00a0\u00bbgrid\u00a0\u00bb background_color=\u00a0\u00bb#ffffff\u00a0\u00bb][vc_column][vc_row_inner type=\u00a0\u00bbgrid\u00a0\u00bb css=\u00a0\u00bb.vc_custom_1422879356648{padding-top: 50px !important;padding-bottom: 50px !important;}\u00a0\u00bb][vc_column_inner][vc_column_text]<\/p>\n<h2 style=\"color: #00a200;\">BE COM LAB<\/h2>\n<h1>LABORATOIRE D&rsquo;INNOVATION GLOBALE<\/h1>\n<p>[\/vc_column_text][vc_separator color=\u00a0\u00bb#404040&Prime; thickness=\u00a0\u00bb10&Prime; up=\u00a0\u00bb15&Prime; down=\u00a0\u00bb20&Prime;][\/vc_column_inner][\/vc_row_inner][\/vc_column][\/vc_row][vc_row type=\u00a0\u00bbgrid\u00a0\u00bb padding_top=\u00a0\u00bb30&Prime; padding_bottom=\u00a0\u00bb80&Prime;][vc_column width=\u00a0\u00bb2\/3&Prime;][vc_column_text]<\/p>\n<h1 style=\"font-size: 20px; line-height: 26px; color: #00a200; letter-spacing: 1px;\">L&rsquo;INNOVATION PARANGON<\/h1>\n<p>[\/vc_column_text][vc_separator color=\u00a0\u00bb#404040&Prime; thickness=\u00a0\u00bb1&Prime; up=\u00a0\u00bb20&Prime; down=\u00a0\u00bb10&Prime;][vc_column_text]<\/p>\n<p style=\"line-height: 24px; text-align: justify;\">A travers des Laboratoires d\u2019innovation et de cr\u00e9ativit\u00e9, bas\u00e9s sur des m\u00e9thodologies de <b>facilitation et d&rsquo;engagement, Design Thinking, de Transition Design et des approches Holonomics<\/b>, nous produisons des solutions strat\u00e9giques et agiles, impactantes, \u00e9volutives et r\u00e9alisables pour cr\u00e9er des mod\u00e8les de <b>d\u00e9veloppement p\u00e9rennes<\/b>.<\/p>\n<p>[\/vc_column_text][vc_separator color=\u00a0\u00bb#404040&Prime; thickness=\u00a0\u00bb10&Prime; up=\u00a0\u00bb30&Prime; down=\u00a0\u00bb30&Prime;][\/vc_column][vc_column width=\u00a0\u00bb1\/3&Prime;][vc_single_image image=\u00a0\u00bb9130&Prime; img_size=\u00a0\u00bb120&#215;120&Prime; alignment=\u00a0\u00bbright\u00a0\u00bb][\/vc_column][\/vc_row][vc_row type=\u00a0\u00bbgrid\u00a0\u00bb padding_top=\u00a0\u00bb30&Prime; padding_bottom=\u00a0\u00bb80&Prime;][vc_column width=\u00a0\u00bb1\/3&Prime;][vc_column_text]<br \/>\n[\/vc_column_text][\/vc_column][vc_column width=\u00a0\u00bb2\/3&Prime;][vc_column_text]<\/p>\n<h1>CONCEPTS<\/h1>\n<h1 style=\"font-size: 20px; line-height: 26px; color: #00a200; letter-spacing: 1px;\">L&rsquo;INNOVATION AGILE<\/h1>\n<p>[\/vc_column_text][vc_separator color=\u00a0\u00bb#404040&Prime; thickness=\u00a0\u00bb1&Prime; up=\u00a0\u00bb20&Prime; down=\u00a0\u00bb10&Prime;][vc_column_text]<\/p>\n<p style=\"line-height: 24px; text-align: justify;\"> L&rsquo;innovation agile comme <b>approche \u00e9volutionnaire<\/b>  pour acc\u00e9l\u00e9rer le succ\u00e8s, inspirer l&rsquo;engagement et enflammer la cr\u00e9ativit\u00e9.<\/p>\n<p>[\/vc_column_text][vc_separator color=\u00a0\u00bb#404040&Prime; thickness=\u00a0\u00bb1&Prime; up=\u00a0\u00bb20&Prime; down=\u00a0\u00bb10&Prime;][vc_column_text]INNOVATION PARANGON<\/p>\n<p>[vc_separator type=&rsquo;normal&rsquo; position=&rsquo;left&rsquo; color=&rsquo;cccccc&rsquo; thickness=&rsquo;1&prime; up=&rsquo;10&rsquo; down=&rsquo;10&rsquo;]<\/p>\n<p>TRANSITION DESIGN<\/p>\n<p>[vc_separator type=&rsquo;normal&rsquo; position=&rsquo;left&rsquo; color=&rsquo;cccccc&rsquo; thickness=&rsquo;1&prime; up=&rsquo;10&rsquo; down=&rsquo;10&rsquo;]<\/p>\n<p>SOCIAL DESIGN<\/p>\n<p>[vc_separator type=&rsquo;normal&rsquo; position=&rsquo;left&rsquo; color=&rsquo;cccccc&rsquo; thickness=&rsquo;1&prime; up=&rsquo;10&rsquo; down=&rsquo;10&rsquo;]<\/p>\n<p>APPROCHE HOLONOMICS<\/p>\n<p>[vc_separator type=&rsquo;normal&rsquo; position=&rsquo;left&rsquo; color=&rsquo;cccccc&rsquo; thickness=&rsquo;1&prime; up=&rsquo;10&rsquo; down=&rsquo;10&rsquo;]<\/p>\n<p>ENTREPRISE SENSIBLE<\/p>\n<p>[vc_separator type=&rsquo;normal&rsquo; position=&rsquo;left&rsquo; color=&rsquo;cccccc&rsquo; thickness=&rsquo;1&prime; up=&rsquo;10&rsquo; down=&rsquo;10&rsquo;]<\/p>\n<p>RESILIENCE<\/p>\n<p>[vc_separator type=&rsquo;normal&rsquo; position=&rsquo;left&rsquo; color=&rsquo;cccccc&rsquo; thickness=&rsquo;1&prime; up=&rsquo;10&rsquo; down=&rsquo;10&rsquo;]<\/p>\n<p>IMPACT SOCI\u00c9TAL DISRUPTIF<\/p>\n<p>[vc_separator type=&rsquo;normal&rsquo; position=&rsquo;left&rsquo; color=&rsquo;cccccc&rsquo; thickness=&rsquo;1&prime; up=&rsquo;10&rsquo; down=&rsquo;10&rsquo;]<\/p>\n<p>COMMUNICATION ARCH\u00c9TYPALE &amp; STORYTELLING<\/p>\n<p>[vc_separator type=&rsquo;normal&rsquo; position=&rsquo;left&rsquo; color=&rsquo;cccccc&rsquo; thickness=&rsquo;1&prime; up=&rsquo;10&rsquo; down=&rsquo;10&rsquo;]<\/p>\n<p>WIN CUBE<\/p>\n<p>[vc_separator type=&rsquo;normal&rsquo; position=&rsquo;left&rsquo; color=&rsquo;cccccc&rsquo; thickness=&rsquo;1&prime; up=&rsquo;10&rsquo; down=&rsquo;10&rsquo;]<\/p>\n<p>ACTION AXIOLOGIQUE<\/p>\n<p>[vc_separator type=&rsquo;normal&rsquo; position=&rsquo;left&rsquo; color=&rsquo;cccccc&rsquo; thickness=&rsquo;1&prime; up=&rsquo;10&rsquo; down=&rsquo;10&rsquo;]<\/p>\n<p>LEADERSHIP CO-EVOLUTIONNAIRE<\/p>\n<p>[vc_separator type=&rsquo;normal&rsquo; position=&rsquo;left&rsquo; color=&rsquo;cccccc&rsquo; thickness=&rsquo;1&prime; up=&rsquo;10&rsquo; down=&rsquo;10&rsquo;]<\/p>\n<p>INTELLIGENCE COLLABORATIVE<\/p>\n<p>[vc_separator type=&rsquo;normal&rsquo; position=&rsquo;left&rsquo; color=&rsquo;cccccc&rsquo; thickness=&rsquo;1&prime; up=&rsquo;10&rsquo; down=&rsquo;10&rsquo;]<\/p>\n<p>MOTTO DESIGN, ESPRIT ET CULTURE<\/p>\n<p>[vc_separator type=&rsquo;normal&rsquo; position=&rsquo;left&rsquo; color=&rsquo;cccccc&rsquo; thickness=&rsquo;1&prime; up=&rsquo;10&rsquo; down=&rsquo;10&rsquo;]<\/p>\n<p>LIFE (Lighting Ignition Future Evolutive)&nbsp;SOLUTIONS[\/vc_column_text][vc_separator color=\u00a0\u00bb#cccccc\u00a0\u00bb thickness=\u00a0\u00bb1&Prime; up=\u00a0\u00bb10&Prime; down=\u00a0\u00bb10&Prime;][vc_separator color=\u00a0\u00bb#404040&Prime; thickness=\u00a0\u00bb10&Prime; up=\u00a0\u00bb30&Prime; down=\u00a0\u00bb30&Prime;][\/vc_column][\/vc_row][vc_row type=\u00a0\u00bbgrid\u00a0\u00bb padding_top=\u00a0\u00bb30&Prime; padding_bottom=\u00a0\u00bb80&Prime;][vc_column width=\u00a0\u00bb2\/3&Prime;][vc_column_text]<\/p>\n<h1>EXEMPLES DE LABS<\/h1>\n<h1 style=\"font-size: 20px; line-height: 26px; color: #00a200; letter-spacing: 1px;\"><\/h1>\n<p>[\/vc_column_text][vc_separator color=\u00a0\u00bb#404040&Prime; thickness=\u00a0\u00bb10&Prime; up=\u00a0\u00bb30&Prime; down=\u00a0\u00bb30&Prime;][vc_column_text]<\/p>\n<h1 style=\"font-size: 20px; line-height: 26px; color: #00a200; letter-spacing: 1px;\">BUSINESS CREATIVE LABS<\/h1>\n<p>[\/vc_column_text][vc_separator color=\u00a0\u00bb#404040&Prime; thickness=\u00a0\u00bb1&Prime; up=\u00a0\u00bb20&Prime; down=\u00a0\u00bb10&Prime;][vc_column_text]<\/p>\n<h4>\u2014&nbsp;Strat\u00e9gie de d\u00e9veloppement p\u00e9renne<\/h4>\n<h4>\u2014 Efficience organisationnelle et manag\u00e9riale<\/h4>\n<h4>\u2014&nbsp;Leadership &amp; Haut potentiel<\/h4>\n<h4>\u2014 Communication et Influence<\/h4>\n<h4>\u2014 Design Thinking<\/h4>\n<h4>\u2014 Innovation et cr\u00e9ativit\u00e9<\/h4>\n<h4><\/h4>\n<p>[\/vc_column_text][vc_column_text][\/vc_column_text][vc_column_text]<\/p>\n<p>&nbsp;<\/p>\n<h1 style=\"font-size: 20px; line-height: 26px; color: #00a200; letter-spacing: 1px;\">LABS INSTITUTIONS ET INNOVATION PUBLIQUE<\/h1>\n<p>[\/vc_column_text][vc_separator color=\u00a0\u00bb#404040&Prime; thickness=\u00a0\u00bb1&Prime; up=\u00a0\u00bb20&Prime; down=\u00a0\u00bb10&Prime;][vc_column_text]<\/p>\n<h4>\u2014 Renouveau de l&rsquo;action politique<\/h4>\n<h4>\u2014 Think Tank &#8211; Projets politiques<\/h4>\n<h4>\u2014 Design de politiques publiques<\/h4>\n<h4>\u2014 Mise en oeuvre de l&rsquo;action publique<\/h4>\n<h4>\u2014&nbsp;Open government (OGP)<\/h4>\n<h4>\u2014 Communication et Influence<\/h4>\n<p>[\/vc_column_text][vc_column_text]<\/p>\n<p>&nbsp;<\/p>\n<h1 style=\"font-size: 20px; line-height: 26px; color: #00a200; letter-spacing: 1px;\">LABS IMPACT SOCIETAL ET IMPLICATION CITOYENNE<\/h1>\n<p>[\/vc_column_text][vc_separator color=\u00a0\u00bb#404040&Prime; thickness=\u00a0\u00bb1&Prime; up=\u00a0\u00bb20&Prime; down=\u00a0\u00bb10&Prime;][vc_column_text]<\/p>\n<h4>\u2014 Entrepreneuriat soci\u00e9tal et Innovation<\/h4>\n<h4>\u2014 Projets de territoire, coop\u00e9ration transnationale<\/h4>\n<h4>\u2014 Citoyennet\u00e9<\/h4>\n<h4>\u2014 Education \/&nbsp;Jeunesse<\/h4>\n<h4>\u2014 Egalit\u00e9 hommes-femmes<\/h4>\n<h4>\u2014&nbsp;Int\u00e9gration p\u00e9renne des publics en difficult\u00e9<\/h4>\n<p>[\/vc_column_text][vc_separator color=\u00a0\u00bb#404040&Prime; thickness=\u00a0\u00bb10&Prime; up=\u00a0\u00bb30&Prime; down=\u00a0\u00bb30&Prime;][vc_column_text]<br \/>\n[\/vc_column_text][\/vc_column][vc_column width=\u00a0\u00bb1\/3&Prime;][\/vc_column][\/vc_row][vc_row type=\u00a0\u00bbgrid\u00a0\u00bb padding_top=\u00a0\u00bb30&Prime; padding_bottom=\u00a0\u00bb80&Prime;][vc_column width=\u00a0\u00bb1\/3&Prime;][vc_column_text]<br \/>\n[\/vc_column_text][\/vc_column][vc_column width=\u00a0\u00bb2\/3&Prime;][vc_column_text]<\/p>\n<h1>BE COM 1 LABS<\/h1>\n<h1 style=\"font-size: 20px; line-height: 26px; color: #00a200; letter-spacing: 1px;\"><\/h1>\n<p>[\/vc_column_text][vc_separator color=\u00a0\u00bb#404040&Prime; thickness=\u00a0\u00bb10&Prime; up=\u00a0\u00bb30&Prime; down=\u00a0\u00bb30&Prime;][vc_row_inner][vc_column_inner width=\u00a0\u00bb1\/2&Prime;][\/vc_column_inner][vc_column_inner width=\u00a0\u00bb1\/2&Prime;][vc_column_text]<span class=\"qode_icon_shortcode  q_font_awsome_icon fa-2x pull-right \" style=\" \"><a href=\"https:\/\/b1-akt.com\/FR\/wp-content\/uploads\/2019\/08\/BE-COM-LAB-Business-creative-labs-Petrache-Le-Guern.pdf\" target=\"_blank\"><i class=\"fa fa-file-pdf-o\" style=\"color: #00cccc;\"><\/i><\/a><\/span><\/p>\n<h4>[vc_separator type=&rsquo;transparent&rsquo; position=&rsquo;left&rsquo; color=\u00a0\u00bb thickness=&rsquo;5&prime; up=\u00a0\u00bb down=\u00a0\u00bb]<\/h4>\n<h4><a href=\"https:\/\/b1-akt.com\/FR\/wp-content\/uploads\/2019\/08\/BE-COM-LAB-Business-creative-labs-Petrache-Le-Guern.pdf\" target=\"_blank\" rel=\"noopener\">BE COM LAB Business Creative Labs<\/a><\/h4>\n<p>[\/vc_column_text][vc_separator color=\u00a0\u00bb#cccccc\u00a0\u00bb thickness=\u00a0\u00bb1&Prime; up=\u00a0\u00bb10&Prime; down=\u00a0\u00bb10&Prime;][vc_column_text]<span class=\"qode_icon_shortcode  q_font_awsome_icon fa-2x pull-right \" style=\" \"><a href=\"https:\/\/b1-akt.com\/FR\/wp-content\/uploads\/2019\/08\/BE-COM-LAB-Institutionnal-labs-Petrache-Le-Guern.pdf\" target=\"_blank\"><i class=\"fa fa-file-pdf-o\" style=\"color: #00cccc;\"><\/i><\/a><\/span><\/p>\n<h4>[vc_separator type=&rsquo;transparent&rsquo; position=&rsquo;left&rsquo; color=\u00a0\u00bb thickness=&rsquo;5&prime; up=\u00a0\u00bb down=\u00a0\u00bb]<\/h4>\n<h4><a href=\"https:\/\/b1-akt.com\/FR\/wp-content\/uploads\/2019\/08\/BE-COM-LAB-Institutionnal-labs-Petrache-Le-Guern.pdf\" target=\"_blank\" rel=\"noopener\">BE COM LAB Institutionnal Labs<\/a><\/h4>\n<p>[\/vc_column_text][vc_separator color=\u00a0\u00bb#cccccc\u00a0\u00bb thickness=\u00a0\u00bb1&Prime; up=\u00a0\u00bb10&Prime; down=\u00a0\u00bb10&Prime;][vc_column_text]<span class=\"qode_icon_shortcode  q_font_awsome_icon fa-2x pull-right \" style=\" \"><a href=\"https:\/\/b1-akt.com\/FR\/wp-content\/uploads\/2019\/08\/BE-COM-LAB-Institutionnal-labs-Petrache-Le-Guern.pdf\" target=\"_blank\"><i class=\"fa fa-file-pdf-o\" style=\"color: #00cccc;\"><\/i><\/a><\/span><\/p>\n<h4>[vc_separator type=&rsquo;transparent&rsquo; position=&rsquo;left&rsquo; color=\u00a0\u00bb thickness=&rsquo;5&prime; up=\u00a0\u00bb down=\u00a0\u00bb]<\/h4>\n<h4><a href=\"https:\/\/b1-akt.com\/FR\/wp-content\/uploads\/2019\/08\/BE-COM-LAB-Community-Empowerment-labs-Petrache-Le-Guern.pdf\">BE COM LAB Community Empowerment Labs<\/a><\/h4>\n<p>[\/vc_column_text][vc_separator color=\u00a0\u00bb#cccccc\u00a0\u00bb thickness=\u00a0\u00bb1&Prime; up=\u00a0\u00bb10&Prime; down=\u00a0\u00bb10&Prime;][vc_column_text]<span class=\"qode_icon_shortcode  q_font_awsome_icon fa-2x pull-right \" style=\" \"><i class=\"fa fa-file-pdf-o\" style=\"color: #00cccc;\"><\/i><\/span><\/p>\n<h4>[vc_separator type=&rsquo;transparent&rsquo; position=&rsquo;left&rsquo; color=\u00a0\u00bb thickness=&rsquo;5&prime; up=\u00a0\u00bb down=\u00a0\u00bb]<\/h4>\n<h4><a href=\"https:\/\/b1-akt.com\/FR\/wp-content\/uploads\/2019\/08\/BE-COM-LAB-DesignThinking-guide.pdf\" target=\"_blank\" rel=\"noopener\">BE COM LAB &#8211; Design Thinking guide<\/a><\/h4>\n<p>[\/vc_column_text][\/vc_column_inner][\/vc_row_inner][vc_separator color=\u00a0\u00bb#404040&Prime; thickness=\u00a0\u00bb10&Prime; up=\u00a0\u00bb30&Prime; down=\u00a0\u00bb30&Prime;][\/vc_column][\/vc_row]<\/p>\n","protected":false},"excerpt":{"rendered":"<p>[vc_row type=\u00a0\u00bbgrid\u00a0\u00bb background_color=\u00a0\u00bb#ffffff\u00a0\u00bb][vc_column][vc_row_inner type=\u00a0\u00bbgrid\u00a0\u00bb css=\u00a0\u00bb.vc_custom_1422879356648{padding-top: 50px !important;padding-bottom: 50px !important;}\u00a0\u00bb][vc_column_inner][vc_column_text] BE COM LAB LABORATOIRE D&rsquo;INNOVATION GLOBALE [\/vc_column_text][vc_separator color=\u00a0\u00bb#404040&Prime; thickness=\u00a0\u00bb10&Prime; up=\u00a0\u00bb15&Prime; down=\u00a0\u00bb20&Prime;][\/vc_column_inner][\/vc_row_inner][\/vc_column][\/vc_row][vc_row type=\u00a0\u00bbgrid\u00a0\u00bb padding_top=\u00a0\u00bb30&Prime; padding_bottom=\u00a0\u00bb80&Prime;][vc_column width=\u00a0\u00bb2\/3&Prime;][vc_column_text] L&rsquo;INNOVATION PARANGON [\/vc_column_text][vc_separator color=\u00a0\u00bb#404040&Prime; thickness=\u00a0\u00bb1&Prime; up=\u00a0\u00bb20&Prime;&#8230;<\/p>\n","protected":false},"author":3,"featured_media":0,"parent":0,"menu_order":0,"comment_status":"open","ping_status":"open","template":"full_width.php","meta":[],"_links":{"self":[{"href":"https:\/\/b1-akt.com\/FR\/wp-json\/wp\/v2\/pages\/9101"}],"collection":[{"href":"https:\/\/b1-akt.com\/FR\/wp-json\/wp\/v2\/pages"}],"about":[{"href":"https:\/\/b1-akt.com\/FR\/wp-json\/wp\/v2\/types\/page"}],"author":[{"embeddable":true,"href":"https:\/\/b1-akt.com\/FR\/wp-json\/wp\/v2\/users\/3"}],"replies":[{"embeddable":true,"href":"https:\/\/b1-akt.com\/FR\/wp-json\/wp\/v2\/comments?post=9101"}],"version-history":[{"count":111,"href":"https:\/\/b1-akt.com\/FR\/wp-json\/wp\/v2\/pages\/9101\/revisions"}],"predecessor-version":[{"id":12844,"href":"https:\/\/b1-akt.com\/FR\/wp-json\/wp\/v2\/pages\/9101\/revisions\/12844"}],"wp:attachment":[{"href":"https:\/\/b1-akt.com\/FR\/wp-json\/wp\/v2\/media?parent=9101"}],"curies":[{"name":"wp","href":"https:\/\/api.w.org\/{rel}","templated":true}]}}